{"id":119,"date":"2015-12-18T15:54:18","date_gmt":"2015-12-18T15:54:18","guid":{"rendered":"http:\/\/www.escolavirginioperillo.com.br\/?page_id=119"},"modified":"2024-07-17T21:15:52","modified_gmt":"2024-07-18T00:15:52","slug":"contato","status":"publish","type":"page","link":"https:\/\/www.escolavirginioperillo.com.br\/?page_id=119","title":{"rendered":"Contato"},"content":{"rendered":"<p><span style=\"font-size: 14pt; font-family: tahoma, arial, helvetica, sans-serif; color: #000000;\">Avenida Jos\u00e9 Bernardes Maciel, 471, Centro CEP 35590-000 Lagoa da Prata-MG<\/span><\/p>\n<div class=\"phone-no\"><span style=\"font-size: 14pt; font-family: tahoma, arial, helvetica, sans-serif; color: #000000;\">Telefone: (37) 3261-3222 (recep\u00e7\u00e3o)<\/span><\/div>\n<div class=\"phone-no\"><span style=\"font-size: 14pt; font-family: tahoma, arial, helvetica, sans-serif; color: #000000;\">\u00a0 \u00a0 \u00a0 \u00a0 \u00a0 \u00a0 \u00a0 <\/span><\/div>\n<div class=\"phone-no\"><\/div>\n<div class=\"phone-no\"><span style=\"font-size: 14pt; font-family: tahoma, arial, helvetica, sans-serif; color: #000000;\"><strong>Email:<\/strong> escola.34100@educacao.mg.gov.br<\/span><\/div>\n","protected":false},"excerpt":{"rendered":"<p>Avenida Jos\u00e9 Bernardes Maciel, 471, Centro CEP 35590-000 Lagoa da Prata-MG Telefone: (37) 3261-3222 (recep\u00e7\u00e3o) \u00a0 \u00a0 \u00a0 \u00a0 \u00a0 \u00a0 \u00a0 Email: escola.34100@educacao.mg.gov.br<\/p>\n","protected":false},"author":1,"featured_media":0,"parent":0,"menu_order":0,"comment_status":"closed","ping_status":"open","template":"","meta":[],"_links":{"self":[{"href":"https:\/\/www.escolavirginioperillo.com.br\/index.php?rest_route=\/wp\/v2\/pages\/119"}],"collection":[{"href":"https:\/\/www.escolavirginioperillo.com.br\/index.php?rest_route=\/wp\/v2\/pages"}],"about":[{"href":"https:\/\/www.escolavirginioperillo.com.br\/index.php?rest_route=\/wp\/v2\/types\/page"}],"author":[{"embeddable":true,"href":"https:\/\/www.escolavirginioperillo.com.br\/index.php?rest_route=\/wp\/v2\/users\/1"}],"replies":[{"embeddable":true,"href":"https:\/\/www.escolavirginioperillo.com.br\/index.php?rest_route=%2Fwp%2Fv2%2Fcomments&post=119"}],"version-history":[{"count":8,"href":"https:\/\/www.escolavirginioperillo.com.br\/index.php?rest_route=\/wp\/v2\/pages\/119\/revisions"}],"predecessor-version":[{"id":1339,"href":"https:\/\/www.escolavirginioperillo.com.br\/index.php?rest_route=\/wp\/v2\/pages\/119\/revisions\/1339"}],"wp:attachment":[{"href":"https:\/\/www.escolavirginioperillo.com.br\/index.php?rest_route=%2Fwp%2Fv2%2Fmedia&parent=119"}],"curies":[{"name":"wp","href":"https:\/\/api.w.org\/{rel}","templated":true}]}}