{"id":131,"date":"2015-12-23T12:29:14","date_gmt":"2015-12-23T12:29:14","guid":{"rendered":"http:\/\/www.escolavirginioperillo.com.br\/?page_id=131"},"modified":"2024-07-17T21:16:12","modified_gmt":"2024-07-18T00:16:12","slug":"festa-junina","status":"publish","type":"page","link":"https:\/\/www.escolavirginioperillo.com.br\/?page_id=131","title":{"rendered":"Festa T\u00edpicas"},"content":{"rendered":"<p style=\"text-align: justify;\"><span style=\"color: #3366ff;\"><strong><span style=\"font-family: tahoma, arial, helvetica, sans-serif; font-size: 14pt;\">INFORMA\u00c7\u00d5ES GERAIS<\/span><\/strong><\/span><\/p>\n<p style=\"text-align: justify;\"><span style=\"color: #000000; font-family: tahoma, arial, helvetica, sans-serif; font-size: 14pt;\">A Escola Estadual &#8220;Virg\u00ednio Perillo&#8221; busca aborda em forma de festas t\u00edpicas as tradi\u00e7\u00f5es de nosso pa\u00eds, estado e munic\u00edpio. Dentre estas festa desta a comemora\u00e7\u00e3o da \u201cQuadrilha\u201d que busca incentivar nos alunos o gosto pelas festas juninas\/julinas, oferecendo-lhes oportunidade de descontra\u00e7\u00e3o, socializa\u00e7\u00e3o e amplia\u00e7\u00e3o de seu conhecimento atrav\u00e9s de atividades diversificadas, brincadeiras, pesquisa e apresenta\u00e7\u00f5es caracter\u00edsticas destes festejos que fazem parte do folclore brasileiro, ressaltando seus aspectos, popular, social e cultural.<\/span><\/p>\n","protected":false},"excerpt":{"rendered":"<p>INFORMA\u00c7\u00d5ES GERAIS A Escola Estadual &#8220;Virg\u00ednio Perillo&#8221; busca aborda em forma de festas t\u00edpicas as tradi\u00e7\u00f5es de nosso pa\u00eds, estado e munic\u00edpio. Dentre estas festa desta a comemora\u00e7\u00e3o da \u201cQuadrilha\u201d que busca incentivar nos alunos o gosto pelas festas juninas\/julinas, oferecendo-lhes oportunidade de descontra\u00e7\u00e3o, socializa\u00e7\u00e3o e amplia\u00e7\u00e3o de seu conhecimento atrav\u00e9s de atividades diversificadas, brincadeiras, [&hellip;]<\/p>\n","protected":false},"author":1,"featured_media":0,"parent":0,"menu_order":0,"comment_status":"closed","ping_status":"open","template":"","meta":[],"_links":{"self":[{"href":"https:\/\/www.escolavirginioperillo.com.br\/index.php?rest_route=\/wp\/v2\/pages\/131"}],"collection":[{"href":"https:\/\/www.escolavirginioperillo.com.br\/index.php?rest_route=\/wp\/v2\/pages"}],"about":[{"href":"https:\/\/www.escolavirginioperillo.com.br\/index.php?rest_route=\/wp\/v2\/types\/page"}],"author":[{"embeddable":true,"href":"https:\/\/www.escolavirginioperillo.com.br\/index.php?rest_route=\/wp\/v2\/users\/1"}],"replies":[{"embeddable":true,"href":"https:\/\/www.escolavirginioperillo.com.br\/index.php?rest_route=%2Fwp%2Fv2%2Fcomments&post=131"}],"version-history":[{"count":3,"href":"https:\/\/www.escolavirginioperillo.com.br\/index.php?rest_route=\/wp\/v2\/pages\/131\/revisions"}],"predecessor-version":[{"id":475,"href":"https:\/\/www.escolavirginioperillo.com.br\/index.php?rest_route=\/wp\/v2\/pages\/131\/revisions\/475"}],"wp:attachment":[{"href":"https:\/\/www.escolavirginioperillo.com.br\/index.php?rest_route=%2Fwp%2Fv2%2Fmedia&parent=131"}],"curies":[{"name":"wp","href":"https:\/\/api.w.org\/{rel}","templated":true}]}}