{"id":139,"date":"2015-12-23T12:30:19","date_gmt":"2015-12-23T12:30:19","guid":{"rendered":"http:\/\/www.escolavirginioperillo.com.br\/?page_id=139"},"modified":"2024-07-17T21:16:12","modified_gmt":"2024-07-18T00:16:12","slug":"jogos-internos","status":"publish","type":"page","link":"https:\/\/www.escolavirginioperillo.com.br\/?page_id=139","title":{"rendered":"Jogos Escolares"},"content":{"rendered":"<p style=\"text-align: justify;\"><span style=\"color: #3366ff;\"><strong><span style=\"font-family: tahoma, arial, helvetica, sans-serif; font-size: 14pt;\">INFORMA\u00c7\u00d5ES GERAIS<\/span><\/strong><\/span><\/p>\n<p style=\"text-align: justify;\"><span style=\"color: #000000; font-family: tahoma, arial, helvetica, sans-serif; font-size: 14pt;\">A cria\u00e7\u00e3o dos \u201cJogos Escolares\u201d com o objetivo de promover a inclus\u00e3o, minimizando as desigualdades e qualquer tipo de discrimina\u00e7\u00e3o por condi\u00e7\u00f5es f\u00edsicas, sociais, de ra\u00e7a, de cor ou de qualquer natureza que limitem o acesso \u00e0 pr\u00e1tica esportiva, oferecendo aos alunos conhecimentos e viv\u00eancias da pr\u00e1tica esportiva nas dimens\u00f5es l\u00fadica e inclusiva, fortalecendo h\u00e1bitos e valores que incrementem a forma\u00e7\u00e3o da cidadania dos alunos e por fim ampliar o conhecimento dos alunos sobre a pr\u00e1tica esportiva e suas rela\u00e7\u00f5es com a cultura, educa\u00e7\u00e3o, sa\u00fade e vida ativa.<\/span><\/p>\n","protected":false},"excerpt":{"rendered":"<p>INFORMA\u00c7\u00d5ES GERAIS A cria\u00e7\u00e3o dos \u201cJogos Escolares\u201d com o objetivo de promover a inclus\u00e3o, minimizando as desigualdades e qualquer tipo de discrimina\u00e7\u00e3o por condi\u00e7\u00f5es f\u00edsicas, sociais, de ra\u00e7a, de cor ou de qualquer natureza que limitem o acesso \u00e0 pr\u00e1tica esportiva, oferecendo aos alunos conhecimentos e viv\u00eancias da pr\u00e1tica esportiva nas dimens\u00f5es l\u00fadica e inclusiva, [&hellip;]<\/p>\n","protected":false},"author":1,"featured_media":0,"parent":0,"menu_order":0,"comment_status":"closed","ping_status":"open","template":"","meta":[],"_links":{"self":[{"href":"https:\/\/www.escolavirginioperillo.com.br\/index.php?rest_route=\/wp\/v2\/pages\/139"}],"collection":[{"href":"https:\/\/www.escolavirginioperillo.com.br\/index.php?rest_route=\/wp\/v2\/pages"}],"about":[{"href":"https:\/\/www.escolavirginioperillo.com.br\/index.php?rest_route=\/wp\/v2\/types\/page"}],"author":[{"embeddable":true,"href":"https:\/\/www.escolavirginioperillo.com.br\/index.php?rest_route=\/wp\/v2\/users\/1"}],"replies":[{"embeddable":true,"href":"https:\/\/www.escolavirginioperillo.com.br\/index.php?rest_route=%2Fwp%2Fv2%2Fcomments&post=139"}],"version-history":[{"count":2,"href":"https:\/\/www.escolavirginioperillo.com.br\/index.php?rest_route=\/wp\/v2\/pages\/139\/revisions"}],"predecessor-version":[{"id":472,"href":"https:\/\/www.escolavirginioperillo.com.br\/index.php?rest_route=\/wp\/v2\/pages\/139\/revisions\/472"}],"wp:attachment":[{"href":"https:\/\/www.escolavirginioperillo.com.br\/index.php?rest_route=%2Fwp%2Fv2%2Fmedia&parent=139"}],"curies":[{"name":"wp","href":"https:\/\/api.w.org\/{rel}","templated":true}]}}