{"id":178,"date":"2015-12-24T23:02:34","date_gmt":"2015-12-24T23:02:34","guid":{"rendered":"http:\/\/www.escolavirginioperillo.com.br\/?page_id=178"},"modified":"2024-07-17T21:16:34","modified_gmt":"2024-07-18T00:16:34","slug":"portal-do-professor","status":"publish","type":"page","link":"https:\/\/www.escolavirginioperillo.com.br\/?page_id=178","title":{"rendered":"TRAB. RECUPERA\u00c7\u00c3O FINAL"},"content":{"rendered":"<p><span style=\"text-decoration: underline; font-size: 18pt; color: #3366ff;\"><strong>I<span style=\"font-family: tahoma, arial, helvetica, sans-serif;\">NTRODU\u00c7\u00c3O<\/span><\/strong><\/span><\/p>\n<p style=\"text-align: justify;\"><span style=\"color: #000000; font-family: tahoma, arial, helvetica, sans-serif; font-size: 14pt;\">Nesse espa\u00e7o est\u00e3o postados os arquivos para os trabalhos de recupera\u00e7\u00e3o final, tanto para notas quanto para faltas.<\/span><\/p>\n<ul style=\"list-style-type: circle;\">\n<li>\n<h5><span style=\"color: #993300;\"><strong>6\u00ba ANOS<\/strong><\/span><\/h5>\n<\/li>\n<\/ul>\n<h5>&#8211; L\u00edngua Portuguesa<\/h5>\n<h5>&#8211; Matem\u00e1tica<\/h5>\n<h5><a href=\"http:\/\/www.escolavirginioperillo.com.br\/wp-content\/uploads\/2023\/12\/Ciencias-6o-Anos.pdf\" target=\"_blank\" rel=\"noopener\">&#8211; Ci\u00eancias<\/a><\/h5>\n<h5>&#8211; Hist\u00f3ria<\/h5>\n<h5><a href=\"http:\/\/www.escolavirginioperillo.com.br\/wp-content\/uploads\/2023\/12\/Geografia-6o-Anos.pdf\" target=\"_blank\" rel=\"noopener\">&#8211; Geografia<\/a><\/h5>\n<h5><a href=\"http:\/\/www.escolavirginioperillo.com.br\/wp-content\/uploads\/2023\/12\/Ingles-6o-Anos.pdf\" target=\"_blank\" rel=\"noopener\">&#8211; L\u00edngua Inglesa<\/a><\/h5>\n<p>\u00a0<\/p>\n<ul style=\"list-style-type: circle;\">\n<li>\n<h5><span style=\"color: #993300;\"><strong>7\u00ba ANOS<\/strong><\/span><\/h5>\n<\/li>\n<\/ul>\n<h5><a href=\"http:\/\/www.escolavirginioperillo.com.br\/wp-content\/uploads\/2023\/12\/Lingua-Portuguesa-7o-Anos.pdf\" target=\"_blank\" rel=\"noopener\">&#8211; L\u00edngua Portuguesa<\/a><\/h5>\n<h5><a href=\"http:\/\/www.escolavirginioperillo.com.br\/wp-content\/uploads\/2023\/12\/Matematica-7o-anos.pdf\" target=\"_blank\" rel=\"noopener\">&#8211; Matem\u00e1tica<\/a><\/h5>\n<h5><a href=\"http:\/\/www.escolavirginioperillo.com.br\/wp-content\/uploads\/2023\/12\/Ciencias-7o-Anos.pdf\" target=\"_blank\" rel=\"noopener\">&#8211; Ci\u00eancias<\/a><\/h5>\n<h5><a href=\"http:\/\/www.escolavirginioperillo.com.br\/wp-content\/uploads\/2023\/12\/Historia-7o-Anos.pdf\" target=\"_blank\" rel=\"noopener\">&#8211; Hist\u00f3ria<\/a><\/h5>\n<h5><a href=\"http:\/\/www.escolavirginioperillo.com.br\/wp-content\/uploads\/2023\/12\/Geografia-7o-Anos.pdf\" target=\"_blank\" rel=\"noopener\">&#8211; Geografia<\/a><\/h5>\n<h5><a href=\"http:\/\/www.escolavirginioperillo.com.br\/wp-content\/uploads\/2023\/12\/Ingles-7o-Anos.pdf\" target=\"_blank\" rel=\"noopener\">&#8211; L\u00edngua Inglesa<\/a><\/h5>\n<p>\u00a0<\/p>\n<ul style=\"list-style-type: circle;\">\n<li>\n<h5><span style=\"color: #993300;\"><strong>8\u00ba ANOS<\/strong><\/span><\/h5>\n<\/li>\n<\/ul>\n<h5><a href=\"http:\/\/www.escolavirginioperillo.com.br\/wp-content\/uploads\/2023\/12\/Lingua-Portuguesa-8o-Anos.pdf\" target=\"_blank\" rel=\"noopener\">&#8211; L\u00edngua Portuguesa<\/a><\/h5>\n<h5><a href=\"http:\/\/www.escolavirginioperillo.com.br\/wp-content\/uploads\/2023\/12\/Matematica-8o-anos.pdf\" target=\"_blank\" rel=\"noopener\">&#8211; Matem\u00e1tica<\/a><\/h5>\n<h5><a href=\"http:\/\/www.escolavirginioperillo.com.br\/wp-content\/uploads\/2023\/12\/Ciencias-8o-Anos.pdf\" target=\"_blank\" rel=\"noopener\">&#8211; Ci\u00eancias<\/a><\/h5>\n<h5><a href=\"http:\/\/www.escolavirginioperillo.com.br\/wp-content\/uploads\/2023\/12\/Historia-8o-Anos.pdf\" target=\"_blank\" rel=\"noopener\">&#8211; Hist\u00f3ria<\/a><\/h5>\n<h5><a href=\"http:\/\/www.escolavirginioperillo.com.br\/wp-content\/uploads\/2023\/12\/Geografia-8o-Anos.pdf\" target=\"_blank\" rel=\"noopener\">&#8211; Geografia<\/a><\/h5>\n<h5><a href=\"http:\/\/www.escolavirginioperillo.com.br\/wp-content\/uploads\/2023\/12\/Ingles-8o-Anos.pdf\" target=\"_blank\" rel=\"noopener\">&#8211; L\u00edngua Inglesa<\/a><\/h5>\n<p>\u00a0<\/p>\n<ul style=\"list-style-type: circle;\">\n<li>\n<h5><span style=\"color: #993300;\"><strong>9\u00ba ANOS<\/strong><\/span><\/h5>\n<\/li>\n<\/ul>\n<h5><a href=\"http:\/\/www.escolavirginioperillo.com.br\/wp-content\/uploads\/2023\/12\/Portugues-9o-anos.pdf\" target=\"_blank\" rel=\"noopener\">&#8211; L\u00edngua Portuguesa<\/a><\/h5>\n<h5><a href=\"http:\/\/www.escolavirginioperillo.com.br\/wp-content\/uploads\/2023\/12\/Matematica-9o-anos.pdf\" target=\"_blank\" rel=\"noopener\">&#8211; Matem\u00e1tica<\/a><\/h5>\n<h5><a href=\"http:\/\/www.escolavirginioperillo.com.br\/wp-content\/uploads\/2023\/12\/Ciencias-9o-Anos.pdf\" target=\"_blank\" rel=\"noopener\">&#8211; Ci\u00eancias<\/a><\/h5>\n<h5><a href=\"http:\/\/www.escolavirginioperillo.com.br\/wp-content\/uploads\/2023\/12\/Historia-9o-Anos.pdf\" target=\"_blank\" rel=\"noopener\">&#8211; Hist\u00f3ria<\/a><\/h5>\n<h5><a href=\"http:\/\/www.escolavirginioperillo.com.br\/wp-content\/uploads\/2023\/12\/Geografia-9o-Anos.pdf\" target=\"_blank\" rel=\"noopener\">&#8211; Geografia<\/a><\/h5>\n<h5><a href=\"http:\/\/www.escolavirginioperillo.com.br\/wp-content\/uploads\/2023\/12\/Ingles-9o-Anos.pdf\" target=\"_blank\" rel=\"noopener\">&#8211; L\u00edngua Inglesa<\/a><\/h5>\n<p>\u00a0<\/p>\n<ul style=\"list-style-type: circle;\">\n<li>\n<h5><span style=\"color: #993300;\"><strong>1\u00ba ANOS\u00a0<\/strong><\/span><\/h5>\n<\/li>\n<\/ul>\n<h5><a href=\"http:\/\/www.escolavirginioperillo.com.br\/wp-content\/uploads\/2023\/12\/Lingua-Portuguesa-1o-Anos.pdf\" target=\"_blank\" rel=\"noopener\">&#8211; L\u00edngua Portuguesa<\/a><\/h5>\n<h5><a href=\"http:\/\/www.escolavirginioperillo.com.br\/wp-content\/uploads\/2023\/12\/Matematica-1o-anos.pdf\" target=\"_blank\" rel=\"noopener\">&#8211; Matem\u00e1tica<\/a><\/h5>\n<h5><a href=\"http:\/\/www.escolavirginioperillo.com.br\/wp-content\/uploads\/2023\/12\/Biologia-1o-Anos.pdf\" target=\"_blank\" rel=\"noopener\">&#8211; Biologia<\/a><\/h5>\n<h5><a href=\"http:\/\/www.escolavirginioperillo.com.br\/wp-content\/uploads\/2023\/12\/Historia-1o-Anos.pdf\" target=\"_blank\" rel=\"noopener\">&#8211; Hist\u00f3ria<\/a><\/h5>\n<h5><a href=\"http:\/\/www.escolavirginioperillo.com.br\/wp-content\/uploads\/2023\/12\/Geografia-1o-Anos.pdf\" target=\"_blank\" rel=\"noopener\">&#8211; Geografia<\/a><\/h5>\n<h5><a href=\"http:\/\/www.escolavirginioperillo.com.br\/wp-content\/uploads\/2023\/12\/Ingles-1o-Anos.pdf\" target=\"_blank\" rel=\"noopener\">&#8211; L\u00edngua Inglesa<\/a><\/h5>\n<h5><a href=\"http:\/\/www.escolavirginioperillo.com.br\/wp-content\/uploads\/2023\/12\/Fisica-1o-Anos.pdf\" target=\"_blank\" rel=\"noopener\">&#8211; F\u00edsica<\/a><\/h5>\n<h5><a href=\"http:\/\/www.escolavirginioperillo.com.br\/wp-content\/uploads\/2023\/12\/Quimica-1o-Anos.pdf\" target=\"_blank\" rel=\"noopener\">&#8211; Qu\u00edmica<\/a><\/h5>\n<h5><a href=\"http:\/\/www.escolavirginioperillo.com.br\/wp-content\/uploads\/2023\/12\/Sociologia-1o-anos.pdf\" target=\"_blank\" rel=\"noopener\">&#8211; Sociologia<\/a><\/h5>\n<h5><a href=\"http:\/\/www.escolavirginioperillo.com.br\/wp-content\/uploads\/2023\/12\/Filosofia-1o-Anos.pdf\" target=\"_blank\" rel=\"noopener\">&#8211; Filosofia<\/a><\/h5>\n<h5><a href=\"http:\/\/www.escolavirginioperillo.com.br\/wp-content\/uploads\/2023\/12\/Itinerarios-Formativos.pdf\" target=\"_blank\" rel=\"noopener\">&#8211; Itiner\u00e1rios Formativos<\/a><\/h5>\n<p>\u00a0<\/p>\n<ul style=\"list-style-type: circle;\">\n<li>\n<h5><span style=\"color: #993300;\"><strong>2\u00ba ANOS\u00a0<\/strong><\/span><\/h5>\n<\/li>\n<\/ul>\n<h5><a href=\"http:\/\/www.escolavirginioperillo.com.br\/wp-content\/uploads\/2023\/12\/Lingua-Portuguesa-2o-Anos.pdf\" target=\"_blank\" rel=\"noopener\">&#8211; L\u00edngua Portuguesa<\/a><\/h5>\n<h5><a href=\"http:\/\/www.escolavirginioperillo.com.br\/wp-content\/uploads\/2023\/12\/Matematica-2o-anos.pdf\" target=\"_blank\" rel=\"noopener\">&#8211; Matem\u00e1tica<\/a><\/h5>\n<h5><a href=\"http:\/\/www.escolavirginioperillo.com.br\/wp-content\/uploads\/2023\/12\/Biologia-2o-Ano.pdf\" target=\"_blank\" rel=\"noopener\">&#8211; Biologia<\/a><\/h5>\n<h5><a href=\"http:\/\/www.escolavirginioperillo.com.br\/wp-content\/uploads\/2023\/12\/Historia-2o-Anos.pdf\" target=\"_blank\" rel=\"noopener\">&#8211; Hist\u00f3ria<\/a><\/h5>\n<h5><a href=\"http:\/\/www.escolavirginioperillo.com.br\/wp-content\/uploads\/2023\/12\/Geografia-2o-Anos.pdf\" target=\"_blank\" rel=\"noopener\">&#8211; Geografia<\/a><\/h5>\n<h5><a href=\"http:\/\/www.escolavirginioperillo.com.br\/wp-content\/uploads\/2023\/12\/Ingles-2o-Anos.pdf\" target=\"_blank\" rel=\"noopener\">&#8211; L\u00edngua Inglesa<\/a><\/h5>\n<h5><a href=\"http:\/\/www.escolavirginioperillo.com.br\/wp-content\/uploads\/2023\/12\/Fisica-2o-Anos.pdf\" target=\"_blank\" rel=\"noopener\">&#8211; F\u00edsica<\/a><\/h5>\n<h5><a href=\"http:\/\/www.escolavirginioperillo.com.br\/wp-content\/uploads\/2023\/12\/Quimica-2o-Anos.pdf\" target=\"_blank\" rel=\"noopener\">&#8211; Qu\u00edmica<\/a><\/h5>\n<h5><a href=\"http:\/\/www.escolavirginioperillo.com.br\/wp-content\/uploads\/2023\/12\/Sociologia-2o-anos.pdf\" target=\"_blank\" rel=\"noopener\">&#8211; Sociologia<\/a><\/h5>\n<h5><a href=\"http:\/\/www.escolavirginioperillo.com.br\/wp-content\/uploads\/2023\/12\/Filosofia-2o-Anos.pdf\" target=\"_blank\" rel=\"noopener\">&#8211; Filosofia<\/a><\/h5>\n<h5><a href=\"http:\/\/www.escolavirginioperillo.com.br\/wp-content\/uploads\/2023\/12\/Itinerarios-Formativos.pdf\" target=\"_blank\" rel=\"noopener\">&#8211; Itiner\u00e1rios Formativos<\/a><\/h5>\n<p>\u00a0<\/p>\n<ul style=\"list-style-type: circle;\">\n<li>\n<h5><span style=\"color: #993300;\"><strong>3\u00ba ANOS\u00a0<\/strong><\/span><\/h5>\n<\/li>\n<\/ul>\n<h5><a href=\"http:\/\/www.escolavirginioperillo.com.br\/wp-content\/uploads\/2023\/12\/Lingua-Portuguesa-3o-Anos.pdf\" target=\"_blank\" rel=\"noopener\">&#8211; L\u00edngua Portuguesa<\/a><\/h5>\n<h5><a href=\"http:\/\/www.escolavirginioperillo.com.br\/wp-content\/uploads\/2023\/12\/Matematica-3o-anos.pdf\" target=\"_blank\" rel=\"noopener\">&#8211; Matem\u00e1tica<\/a><\/h5>\n<h5><a href=\"http:\/\/www.escolavirginioperillo.com.br\/wp-content\/uploads\/2023\/12\/Biologia-3o-Anos.pdf\" target=\"_blank\" rel=\"noopener\">&#8211; Biologia<\/a><\/h5>\n<h5><a href=\"http:\/\/www.escolavirginioperillo.com.br\/wp-content\/uploads\/2023\/12\/Historia-3o-Anos.pdf\" target=\"_blank\" rel=\"noopener\">&#8211; Hist\u00f3ria<\/a><\/h5>\n<h5><a href=\"http:\/\/www.escolavirginioperillo.com.br\/wp-content\/uploads\/2023\/12\/Geografia-3o-Anos.pdf\" target=\"_blank\" rel=\"noopener\">&#8211; Geografia<\/a><\/h5>\n<h5><a href=\"http:\/\/www.escolavirginioperillo.com.br\/wp-content\/uploads\/2023\/12\/Ingles-3o-Anos.pdf\" target=\"_blank\" rel=\"noopener\">&#8211; L\u00edngua Inglesa<\/a><\/h5>\n<h5><a href=\"http:\/\/www.escolavirginioperillo.com.br\/wp-content\/uploads\/2023\/12\/Fisica-3o-Anos.pdf\">&#8211; F\u00edsica<\/a><\/h5>\n<h5><a href=\"http:\/\/www.escolavirginioperillo.com.br\/wp-content\/uploads\/2023\/12\/Quimica-3o-Anos.pdf\" target=\"_blank\" rel=\"noopener\">&#8211; Qu\u00edmica<\/a><\/h5>\n<h5><a href=\"http:\/\/www.escolavirginioperillo.com.br\/wp-content\/uploads\/2023\/12\/Sociologia-3o-anos.pdf\" target=\"_blank\" rel=\"noopener\">&#8211; Sociologia<\/a><\/h5>\n<h5><a href=\"http:\/\/www.escolavirginioperillo.com.br\/wp-content\/uploads\/2023\/12\/Filosofia-3o-Anos.pdf\" target=\"_blank\" rel=\"noopener\">&#8211; Filosofia<\/a><\/h5>\n<p>\u00a0<\/p>\n<h5>\u00a0<\/h5>\n\n","protected":false},"excerpt":{"rendered":"<p>INTRODU\u00c7\u00c3O Nesse espa\u00e7o est\u00e3o postados os arquivos para os trabalhos de recupera\u00e7\u00e3o final, tanto para notas quanto para faltas. 6\u00ba ANOS &#8211; L\u00edngua Portuguesa &#8211; Matem\u00e1tica &#8211; Ci\u00eancias &#8211; Hist\u00f3ria &#8211; Geografia &#8211; L\u00edngua Inglesa \u00a0 7\u00ba ANOS &#8211; L\u00edngua Portuguesa &#8211; Matem\u00e1tica &#8211; Ci\u00eancias &#8211; Hist\u00f3ria &#8211; Geografia &#8211; L\u00edngua Inglesa \u00a0 8\u00ba ANOS [&hellip;]<\/p>\n","protected":false},"author":1,"featured_media":0,"parent":0,"menu_order":0,"comment_status":"closed","ping_status":"open","template":"","meta":[],"_links":{"self":[{"href":"https:\/\/www.escolavirginioperillo.com.br\/index.php?rest_route=\/wp\/v2\/pages\/178"}],"collection":[{"href":"https:\/\/www.escolavirginioperillo.com.br\/index.php?rest_route=\/wp\/v2\/pages"}],"about":[{"href":"https:\/\/www.escolavirginioperillo.com.br\/index.php?rest_route=\/wp\/v2\/types\/page"}],"author":[{"embeddable":true,"href":"https:\/\/www.escolavirginioperillo.com.br\/index.php?rest_route=\/wp\/v2\/users\/1"}],"replies":[{"embeddable":true,"href":"https:\/\/www.escolavirginioperillo.com.br\/index.php?rest_route=%2Fwp%2Fv2%2Fcomments&post=178"}],"version-history":[{"count":84,"href":"https:\/\/www.escolavirginioperillo.com.br\/index.php?rest_route=\/wp\/v2\/pages\/178\/revisions"}],"predecessor-version":[{"id":1673,"href":"https:\/\/www.escolavirginioperillo.com.br\/index.php?rest_route=\/wp\/v2\/pages\/178\/revisions\/1673"}],"wp:attachment":[{"href":"https:\/\/www.escolavirginioperillo.com.br\/index.php?rest_route=%2Fwp%2Fv2%2Fmedia&parent=178"}],"curies":[{"name":"wp","href":"https:\/\/api.w.org\/{rel}","templated":true}]}}