{"id":295,"date":"2015-12-26T14:09:02","date_gmt":"2015-12-26T14:09:02","guid":{"rendered":"http:\/\/www.escolavirginioperillo.com.br\/?page_id=295"},"modified":"2024-07-17T21:15:52","modified_gmt":"2024-07-18T00:15:52","slug":"cronograma-de-dever","status":"publish","type":"page","link":"https:\/\/www.escolavirginioperillo.com.br\/?page_id=295","title":{"rendered":"Cronograma de Dever"},"content":{"rendered":"<p style=\"text-align: justify;\"><span style=\"color: #3366ff;\"><strong><span style=\"font-family: tahoma, arial, helvetica, sans-serif; font-size: 14pt;\">INFORMA\u00c7\u00d5ES GERAIS<\/span><\/strong><\/span><\/p>\n<p style=\"text-align: justify;\"><span style=\"color: #000000; font-family: tahoma, arial, helvetica, sans-serif; font-size: 14pt;\">A Escola Estadual &#8220;Virg\u00ednio Perillo&#8221; desenvolveu o Projeto &#8220;Cronograma de Dever&#8221; que visa criar em nossos alunos o h\u00e1bito de estudo di\u00e1rio em casa. <\/span><\/p>\n<p style=\"text-align: justify;\"><span style=\"color: #000000; font-family: tahoma, arial, helvetica, sans-serif; font-size: 14pt;\">O projeto busca dinamizar a aplica\u00e7\u00e3o de atividades para casa, oferecendo ao aluno atividades de uma \u00e0 duas disciplinas por dia. Dessa maneira, h\u00e1 uma regulamenta\u00e7\u00e3o na aplica\u00e7\u00e3o dessas atividades para casa, ou seja, o aluno nunca ser\u00e1 surpreendido por uma quantidade significativa de disciplinas aplicando atividades para casa num \u00fanico dia, ao mesmo tempo, que esse mesmo aluno n\u00e3o fique nenhum dia sem atividades para fazer em casa. <\/span><\/p>\n<p style=\"text-align: justify;\"><span style=\"color: #000000; font-family: tahoma, arial, helvetica, sans-serif; font-size: 14pt;\">Outro ponto positivo do projeto e que antes gerava uma certa ansiedade por parte dos pais e\/ou respons\u00e1veis \u00e9 a oportunidade deles acompanharem de perto a realiza\u00e7\u00e3o dessas atividades para casa. Assim, aquela velha desculpa dos alunos &#8220;N\u00e3o M\u00e3e, hoje os professores n\u00e3o deram atividades para a casa!&#8221; n\u00e3o funcionar\u00e1 mais, pois basta os pais e\/ou respons\u00e1veis recorrem ao cronograma de dever para confirmarem qual (is) disciplina (s) \u00a0ser\u00e1 (\u00e3o) respons\u00e1vel pelas atividades para casa naquele dia.\u00a0<\/span><\/p>\n<p style=\"text-align: justify;\"><span style=\"color: #000000; font-family: tahoma, arial, helvetica, sans-serif; font-size: 14pt;\">De acordo com o Regimento Escolar e o Projeto Pol\u00edtico Pedag\u00f3gico da escola, o aluno que n\u00e3o cumprir com suas obriga\u00e7\u00f5es escolares em casa ser\u00e1 submetido ao &#8220;6\u00ba Hor\u00e1rio&#8221;, para que fa\u00e7a as atividades que n\u00e3o cumpriu dentro do cronograma de dever. Vale tamb\u00e9m lembrar que cada aluno ter\u00e1 direito a duas absten\u00e7\u00f5es por m\u00eas de atividades para a casa, ou seja, somente a partir do terceiro descumprimento das obriga\u00e7\u00f5es para casa, \u00e9 que o aluno ter\u00e1 que cumprir o &#8220;6\u00ba Hor\u00e1rio&#8221;.<\/span><\/p>\n<p style=\"text-align: justify;\"><strong><span style=\"font-family: tahoma, arial, helvetica, sans-serif; font-size: 14pt; color: #3366ff;\"><a style=\"color: #3366ff;\" href=\"http:\/\/www.escolavirginioperillo.com.br\/wp-content\/uploads\/2016\/10\/Cronograma-de-Dever-2016-Matutino.pdf\" target=\"_blank\" rel=\"noopener\">LINK &#8211; CRONOGRAMA DE DEVER &#8211; MATUTINO<\/a><\/span><\/strong><\/p>\n<p style=\"text-align: justify;\"><a href=\"http:\/\/www.escolavirginioperillo.com.br\/wp-content\/uploads\/2016\/10\/Cronograma-de-Dever-2016-Vespertino.pdf\" target=\"_blank\" rel=\"noopener\"><span style=\"text-decoration: underline; color: #3366ff; font-size: 14pt;\"><strong>LINK &#8211; CRONOGRAMA DE DEVER &#8211;\u00a0VESPERTINO<\/strong><\/span><\/a><\/p>\n","protected":false},"excerpt":{"rendered":"<p>INFORMA\u00c7\u00d5ES GERAIS A Escola Estadual &#8220;Virg\u00ednio Perillo&#8221; desenvolveu o Projeto &#8220;Cronograma de Dever&#8221; que visa criar em nossos alunos o h\u00e1bito de estudo di\u00e1rio em casa. O projeto busca dinamizar a aplica\u00e7\u00e3o de atividades para casa, oferecendo ao aluno atividades de uma \u00e0 duas disciplinas por dia. Dessa maneira, h\u00e1 uma regulamenta\u00e7\u00e3o na aplica\u00e7\u00e3o dessas [&hellip;]<\/p>\n","protected":false},"author":1,"featured_media":0,"parent":0,"menu_order":0,"comment_status":"closed","ping_status":"open","template":"","meta":[],"_links":{"self":[{"href":"https:\/\/www.escolavirginioperillo.com.br\/index.php?rest_route=\/wp\/v2\/pages\/295"}],"collection":[{"href":"https:\/\/www.escolavirginioperillo.com.br\/index.php?rest_route=\/wp\/v2\/pages"}],"about":[{"href":"https:\/\/www.escolavirginioperillo.com.br\/index.php?rest_route=\/wp\/v2\/types\/page"}],"author":[{"embeddable":true,"href":"https:\/\/www.escolavirginioperillo.com.br\/index.php?rest_route=\/wp\/v2\/users\/1"}],"replies":[{"embeddable":true,"href":"https:\/\/www.escolavirginioperillo.com.br\/index.php?rest_route=%2Fwp%2Fv2%2Fcomments&post=295"}],"version-history":[{"count":17,"href":"https:\/\/www.escolavirginioperillo.com.br\/index.php?rest_route=\/wp\/v2\/pages\/295\/revisions"}],"predecessor-version":[{"id":1677,"href":"https:\/\/www.escolavirginioperillo.com.br\/index.php?rest_route=\/wp\/v2\/pages\/295\/revisions\/1677"}],"wp:attachment":[{"href":"https:\/\/www.escolavirginioperillo.com.br\/index.php?rest_route=%2Fwp%2Fv2%2Fmedia&parent=295"}],"curies":[{"name":"wp","href":"https:\/\/api.w.org\/{rel}","templated":true}]}}