{"id":299,"date":"2015-12-26T14:14:25","date_gmt":"2015-12-26T14:14:25","guid":{"rendered":"http:\/\/www.escolavirginioperillo.com.br\/?page_id=299"},"modified":"2024-07-17T21:16:12","modified_gmt":"2024-07-18T00:16:12","slug":"infraestrutura","status":"publish","type":"page","link":"https:\/\/www.escolavirginioperillo.com.br\/?page_id=299","title":{"rendered":"Infraestrutura"},"content":{"rendered":"<p style=\"text-align: justify;\"><span style=\"font-family: tahoma, arial, helvetica, sans-serif; font-size: 14pt; color: #3366ff;\"><strong>INFORMA\u00c7\u00d5ES GERAIS<\/strong><\/span><\/p>\n<p style=\"text-align: justify;\"><span style=\"font-family: tahoma, arial, helvetica, sans-serif; font-size: 14pt; color: #000000;\">A Escola Estadual &#8220;Virg\u00ednio Perillo&#8221; possui uma biblioteca com um espa\u00e7o otimizado localizada no bloco 03 entre as salas 19 e 20.<\/span><\/p>\n<p style=\"text-align: justify;\"><span style=\"font-family: tahoma, arial, helvetica, sans-serif; font-size: 14pt; color: #000000;\">O ambiente \u00e9 bem dividido e arejado. Os livros s\u00e3o acomodados em prateleiras e divididos por categorias. Atualmente a biblioteca da escola conta com mais de 10.000 t\u00edtulos de livros divididos em liter\u00e1rios, did\u00e1ticos e paradid\u00e1ticos, al\u00e9m de diversos dicion\u00e1rios, revistas acad\u00eamicas, de not\u00edcias e em quadrinhos.\u00a0<\/span><\/p>\n<p style=\"text-align: justify;\"><span style=\"font-family: tahoma, arial, helvetica, sans-serif; font-size: 14pt; color: #000000;\">A biblioteca possui ainda um computador com acesso a internet e duas mesas de leitura com cadeiras destinadas aos alunos, funcion\u00e1rios e comunidade em geral. A biblioteca \u00e9 gerenciada pela funcion\u00e1ria Val\u00e9ria no turno matutino (07:00 \u00e0s 11:50 horas) e pela funcion\u00e1ria Arlete no turno vespertino (13:00 \u00e0s 17:40 horas), de segunda \u00e0 sexta-feira.<\/span><\/p>\n","protected":false},"excerpt":{"rendered":"<p>INFORMA\u00c7\u00d5ES GERAIS A Escola Estadual &#8220;Virg\u00ednio Perillo&#8221; possui uma biblioteca com um espa\u00e7o otimizado localizada no bloco 03 entre as salas 19 e 20. O ambiente \u00e9 bem dividido e arejado. Os livros s\u00e3o acomodados em prateleiras e divididos por categorias. Atualmente a biblioteca da escola conta com mais de 10.000 t\u00edtulos de livros divididos [&hellip;]<\/p>\n","protected":false},"author":1,"featured_media":0,"parent":0,"menu_order":0,"comment_status":"closed","ping_status":"open","template":"","meta":[],"_links":{"self":[{"href":"https:\/\/www.escolavirginioperillo.com.br\/index.php?rest_route=\/wp\/v2\/pages\/299"}],"collection":[{"href":"https:\/\/www.escolavirginioperillo.com.br\/index.php?rest_route=\/wp\/v2\/pages"}],"about":[{"href":"https:\/\/www.escolavirginioperillo.com.br\/index.php?rest_route=\/wp\/v2\/types\/page"}],"author":[{"embeddable":true,"href":"https:\/\/www.escolavirginioperillo.com.br\/index.php?rest_route=\/wp\/v2\/users\/1"}],"replies":[{"embeddable":true,"href":"https:\/\/www.escolavirginioperillo.com.br\/index.php?rest_route=%2Fwp%2Fv2%2Fcomments&post=299"}],"version-history":[{"count":5,"href":"https:\/\/www.escolavirginioperillo.com.br\/index.php?rest_route=\/wp\/v2\/pages\/299\/revisions"}],"predecessor-version":[{"id":1588,"href":"https:\/\/www.escolavirginioperillo.com.br\/index.php?rest_route=\/wp\/v2\/pages\/299\/revisions\/1588"}],"wp:attachment":[{"href":"https:\/\/www.escolavirginioperillo.com.br\/index.php?rest_route=%2Fwp%2Fv2%2Fmedia&parent=299"}],"curies":[{"name":"wp","href":"https:\/\/api.w.org\/{rel}","templated":true}]}}