{"id":30,"date":"2015-12-14T17:10:23","date_gmt":"2015-12-14T17:10:23","guid":{"rendered":"http:\/\/www.escolavirginioperillo.com.br\/?page_id=30"},"modified":"2024-07-17T21:16:12","modified_gmt":"2024-07-18T00:16:12","slug":"regimento-interno","status":"publish","type":"page","link":"https:\/\/www.escolavirginioperillo.com.br\/?page_id=30","title":{"rendered":"Regimento Escolar"},"content":{"rendered":"<p style=\"text-align: justify;\"><span style=\"color: #3366ff;\"><strong><span style=\"font-family: tahoma, arial, helvetica, sans-serif; font-size: 14pt;\">INFORMA\u00c7\u00d5ES GERAIS<\/span><\/strong><\/span><\/p>\n<p style=\"text-align: justify;\"><span style=\"color: #000000; font-family: tahoma, arial, helvetica, sans-serif; font-size: 14pt;\">O Regimento Escolar \u00e9 um conjunto de regras que definem a organiza\u00e7\u00e3o administrativa, did\u00e1tica, pedag\u00f3gica, disciplinar da institui\u00e7\u00e3o, estabelecendo normas que dever\u00e3o ser seguidas para na sua elabora\u00e7\u00e3o, como, por exemplo, os direitos e deveres de todos que convivem no ambiente. Define os objetivos da escola, os n\u00edveis de ensino que oferece e como ela opera. Dividindo as responsabilidades e atribui\u00e7\u00f5es de cada pessoa, evitando assim, que o gestor concentre todas as ordens, todo o trabalho em suas m\u00e3os, determinando o que cada um deve fazer e como deve fazer.<\/span><\/p>\n<p style=\"text-align: justify;\"><span style=\"color: #000000; font-family: tahoma, arial, helvetica, sans-serif; font-size: 14pt;\">O Regimento deve surgir da reflex\u00e3o que a escola tem sobre si mesma, por\u00e9m, deve estar de acordo com a legisla\u00e7\u00e3o e a ordem que \u00e9 aplicada no pa\u00eds, estado e munic\u00edpio. Ele \u00e9 um o documento administrativo e normativo de uma unidade escolar que, fundamentado na proposta pedag\u00f3gica coordena o funcionamento da escola, regulamentando a\u00e7\u00f5es entre os representantes do processo educativo. Ele deve ser baseado em um texto referencial e em princ\u00edpios democr\u00e1ticos, adotados pela Secretaria de Estado da Educa\u00e7\u00e3o que s\u00e3o a base para promover a discuss\u00e3o, a reflex\u00e3o e a tomada de decis\u00e3o pelos membros da escola, buscando respostas \u00e0s quest\u00f5es referentes ao processo de ensino e aprendizagem.<\/span><\/p>\n<p style=\"text-align: justify;\"><span style=\"color: #000000; font-family: tahoma, arial, helvetica, sans-serif; font-size: 14pt;\">Dessa maneira, a Escola Estadual &#8220;Virg\u00ednio Perillo&#8221; entende que toda institui\u00e7\u00e3o de ensino deve possuir um conjunto de normas e regras que regulem a suas propostas explicitadas em um documento que deve est\u00e1 dispon\u00edvel para a consulta de toda a comunidade escolar. Essa demanda \u00e9 preenchida pela ado\u00e7\u00e3o do Regimento Escolar. Na escola &#8220;Virg\u00ednio Perillo&#8221; o regimento \u00e9 atualizado no decorrer do ano letivo atrav\u00e9s de reuni\u00f5es com os pais e respons\u00e1veis, alunos e funcion\u00e1rios. No final do ano \u00e9 feito um condensado das demandas pedag\u00f3gica, administrativa e financeira da escola levantadas durante o ano nas reuni\u00f5es anteriormente mencionadas, e \u00e9 feita a modifica\u00e7\u00e3o do regimento. Ap\u00f3s modificado o regimento \u00e9 levando em duas vias para o servi\u00e7o de inspe\u00e7\u00e3o escolar e posteriormente \u00e9 enviado para Superintend\u00eancia de Ensino (SRE &#8211; Divin\u00f3polis). Ap\u00f3s aprovado, uma via fica arquivado na SRE e outra via \u00e9 enviado para a escola. Ap\u00f3s todos os procedimentos concretizados, o regimento escolar tem v\u00e1lido durante todo o pr\u00f3ximo ano letivo. Abaixo se encontra o link para ter acesso ao Regimento Escolar da Escola Estadual &#8220;Virg\u00ednio Perillo&#8221; aprovado para o ano de 2016.<\/span><\/p>\n<p style=\"text-align: justify;\"><span style=\"color: #3366ff; font-family: tahoma, arial, helvetica, sans-serif; font-size: 14pt;\"><strong><a style=\"color: #3366ff;\" href=\"http:\/\/www.escolavirginioperillo.com.br\/wp-content\/uploads\/2015\/12\/Regimento-Escolar-2015-16.pdf\" target=\"_blank\" rel=\"noopener\">LINK &#8211; REGIMENTO ESCOLAR 2016<\/a><\/strong><\/span><\/p>\n<div><\/div>\n<p>&nbsp;<\/p>\n","protected":false},"excerpt":{"rendered":"<p>INFORMA\u00c7\u00d5ES GERAIS O Regimento Escolar \u00e9 um conjunto de regras que definem a organiza\u00e7\u00e3o administrativa, did\u00e1tica, pedag\u00f3gica, disciplinar da institui\u00e7\u00e3o, estabelecendo normas que dever\u00e3o ser seguidas para na sua elabora\u00e7\u00e3o, como, por exemplo, os direitos e deveres de todos que convivem no ambiente. Define os objetivos da escola, os n\u00edveis de ensino que oferece e [&hellip;]<\/p>\n","protected":false},"author":1,"featured_media":0,"parent":0,"menu_order":0,"comment_status":"closed","ping_status":"open","template":"","meta":[],"_links":{"self":[{"href":"https:\/\/www.escolavirginioperillo.com.br\/index.php?rest_route=\/wp\/v2\/pages\/30"}],"collection":[{"href":"https:\/\/www.escolavirginioperillo.com.br\/index.php?rest_route=\/wp\/v2\/pages"}],"about":[{"href":"https:\/\/www.escolavirginioperillo.com.br\/index.php?rest_route=\/wp\/v2\/types\/page"}],"author":[{"embeddable":true,"href":"https:\/\/www.escolavirginioperillo.com.br\/index.php?rest_route=\/wp\/v2\/users\/1"}],"replies":[{"embeddable":true,"href":"https:\/\/www.escolavirginioperillo.com.br\/index.php?rest_route=%2Fwp%2Fv2%2Fcomments&post=30"}],"version-history":[{"count":12,"href":"https:\/\/www.escolavirginioperillo.com.br\/index.php?rest_route=\/wp\/v2\/pages\/30\/revisions"}],"predecessor-version":[{"id":1686,"href":"https:\/\/www.escolavirginioperillo.com.br\/index.php?rest_route=\/wp\/v2\/pages\/30\/revisions\/1686"}],"wp:attachment":[{"href":"https:\/\/www.escolavirginioperillo.com.br\/index.php?rest_route=%2Fwp%2Fv2%2Fmedia&parent=30"}],"curies":[{"name":"wp","href":"https:\/\/api.w.org\/{rel}","templated":true}]}}