{"id":452,"date":"2016-01-09T21:18:54","date_gmt":"2016-01-09T21:18:54","guid":{"rendered":"http:\/\/www.escolavirginioperillo.com.br\/?page_id=452"},"modified":"2024-07-17T21:15:52","modified_gmt":"2024-07-18T00:15:52","slug":"cronograma-escolar","status":"publish","type":"page","link":"https:\/\/www.escolavirginioperillo.com.br\/?page_id=452","title":{"rendered":"Cronograma Escolar"},"content":{"rendered":"<p style=\"text-align: justify;\"><span style=\"color: #3366ff;\"><strong><span style=\"font-family: tahoma, arial, helvetica, sans-serif; font-size: 14pt;\">INFORMA\u00c7\u00d5ES GERAIS<\/span><\/strong><\/span><\/p>\n<p style=\"text-align: justify;\"><span style=\"font-family: tahoma, arial, helvetica, sans-serif; font-size: 14pt; color: #000000;\">A Escola Estadual &#8220;Virg\u00ednio Perillo&#8221; trabalha em cima de um fiel cronograma escolar onde \u00e9 detalhado todos os eventos que ir\u00e3o acontecer na escola durante os 200 dias letivos do ano. Dentre os diversos eventos que detalhamos no cronograma escolar podemos destacar:<\/span><\/p>\n<p style=\"text-align: justify;\"><span style=\"font-family: tahoma, arial, helvetica, sans-serif; font-size: 14pt; color: #000000;\"><strong><span style=\"color: #3366ff;\">1.<\/span> <\/strong>Avalia\u00e7\u00f5es Bimestrais;<\/span><\/p>\n<p style=\"text-align: justify;\"><span style=\"font-family: tahoma, arial, helvetica, sans-serif; font-size: 14pt; color: #000000;\"><span style=\"color: #3366ff;\"><strong>2.<\/strong> <\/span>Avalia\u00e7\u00f5es de Recupera\u00e7\u00e3o &#8211; bimestrais e finais;<\/span><\/p>\n<p style=\"text-align: justify;\"><span style=\"font-family: tahoma, arial, helvetica, sans-serif; font-size: 14pt; color: #000000;\"><span style=\"color: #3366ff;\"><strong>3.<\/strong><\/span> Reuni\u00f5es de Pais e Mestres;<\/span><\/p>\n<p style=\"text-align: justify;\"><span style=\"font-family: tahoma, arial, helvetica, sans-serif; font-size: 14pt; color: #000000;\"><span style=\"color: #3366ff;\"><strong>4.<\/strong><\/span> Dias Letivos, Feriados e Recessos Escolares;<\/span><\/p>\n<p style=\"text-align: justify;\"><span style=\"font-family: tahoma, arial, helvetica, sans-serif; font-size: 14pt; color: #000000;\"><span style=\"color: #3366ff;\"><strong>5.<\/strong><\/span> Projetos Extracurriculares &#8211; Feira Cultural, Jogos Interclasse, Festa Junina, Formatura, Dia do Estudante, etc; e<\/span><\/p>\n<p style=\"text-align: justify;\"><span style=\"font-family: tahoma, arial, helvetica, sans-serif; font-size: 14pt; color: #000000;\"><strong><span style=\"color: #3366ff;\">6.<\/span><\/strong> Simulados.<\/span><\/p>\n<p style=\"text-align: justify;\"><span style=\"font-family: tahoma, arial, helvetica, sans-serif; font-size: 14pt; color: #000000;\">Em rela\u00e7\u00e3o a aplica\u00e7\u00e3o das avalia\u00e7\u00f5es bimestrais e de recupera\u00e7\u00e3o, o cronograma escolar detalha ainda os dias de aplica\u00e7\u00e3o (semana e m\u00eas) das avalia\u00e7\u00f5es bimestrais, as disciplinas aplicadas por dia, a semana de recupera\u00e7\u00e3o e o dia da aplica\u00e7\u00e3o de cada avalia\u00e7\u00e3o de recupera\u00e7\u00e3o.<\/span><\/p>\n<p style=\"text-align: justify;\"><span style=\"font-family: tahoma, arial, helvetica, sans-serif; font-size: 14pt; color: #000000;\">No final do cronograma escolar s\u00e3o apresentados vinte e cinco informa\u00e7\u00f5es e normas que todo aluno e respons\u00e1vel precisa saber sobre o funcionamento da escola.<\/span><\/p>\n<p style=\"text-align: justify;\"><span style=\"color: #000000; font-family: tahoma, arial, helvetica, sans-serif; font-size: 14pt;\">Entre os diversos objetivos que se busca com a ado\u00e7\u00e3o de um cronograma escolar est\u00e1 a organiza\u00e7\u00e3o da escola e principalmente dos alunos junto com os seus respons\u00e1veis frente aos eventos escolares (avalia\u00e7\u00f5es, reuni\u00f5es, projetos extracurriculares, simulados, etc), uma vez que esse cronograma \u00e9 entregue no inicio do ano escolar e a partir da\u00ed os alunos e seus respons\u00e1veis\u00a0j\u00e1 podem planejar seu ano. Ou seja, a partir do cronograma escolar os alunos e seus respons\u00e1veis sabem exatamente os dias e hor\u00e1rios de cada evento na escola, isso permite que ambos possam desfrutar de todos os eventos da escola sem se preocuparem de serem pegos desprevenidos com algum evento escolar marcado de \u00faltima hora, depois de j\u00e1 terem agendado um compromisso justamente para aquele momento. Assim, a gest\u00e3o da escola garante o cumprimento integral e sem nenhuma mudan\u00e7a deste cronograma durante o ano corrente.<\/span><\/p>\n<p style=\"text-align: justify;\"><span style=\"color: #3366ff; font-size: 14pt;\"><strong><a style=\"color: #3366ff;\" href=\"http:\/\/www.escolavirginioperillo.com.br\/wp-content\/uploads\/2016\/03\/Cronograma-Escolar-2016-Aluno.pdf\" target=\"_blank\" rel=\"noopener\">LINK &#8211; CRONOGRAMA ESCOLAR\u00a0<\/a><\/strong><\/span><\/p>\n","protected":false},"excerpt":{"rendered":"<p>INFORMA\u00c7\u00d5ES GERAIS A Escola Estadual &#8220;Virg\u00ednio Perillo&#8221; trabalha em cima de um fiel cronograma escolar onde \u00e9 detalhado todos os eventos que ir\u00e3o acontecer na escola durante os 200 dias letivos do ano. Dentre os diversos eventos que detalhamos no cronograma escolar podemos destacar: 1. Avalia\u00e7\u00f5es Bimestrais; 2. Avalia\u00e7\u00f5es de Recupera\u00e7\u00e3o &#8211; bimestrais e finais; [&hellip;]<\/p>\n","protected":false},"author":1,"featured_media":0,"parent":0,"menu_order":0,"comment_status":"closed","ping_status":"open","template":"","meta":[],"_links":{"self":[{"href":"https:\/\/www.escolavirginioperillo.com.br\/index.php?rest_route=\/wp\/v2\/pages\/452"}],"collection":[{"href":"https:\/\/www.escolavirginioperillo.com.br\/index.php?rest_route=\/wp\/v2\/pages"}],"about":[{"href":"https:\/\/www.escolavirginioperillo.com.br\/index.php?rest_route=\/wp\/v2\/types\/page"}],"author":[{"embeddable":true,"href":"https:\/\/www.escolavirginioperillo.com.br\/index.php?rest_route=\/wp\/v2\/users\/1"}],"replies":[{"embeddable":true,"href":"https:\/\/www.escolavirginioperillo.com.br\/index.php?rest_route=%2Fwp%2Fv2%2Fcomments&post=452"}],"version-history":[{"count":9,"href":"https:\/\/www.escolavirginioperillo.com.br\/index.php?rest_route=\/wp\/v2\/pages\/452\/revisions"}],"predecessor-version":[{"id":1678,"href":"https:\/\/www.escolavirginioperillo.com.br\/index.php?rest_route=\/wp\/v2\/pages\/452\/revisions\/1678"}],"wp:attachment":[{"href":"https:\/\/www.escolavirginioperillo.com.br\/index.php?rest_route=%2Fwp%2Fv2%2Fmedia&parent=452"}],"curies":[{"name":"wp","href":"https:\/\/api.w.org\/{rel}","templated":true}]}}