{"id":530,"date":"2016-01-19T20:48:45","date_gmt":"2016-01-19T20:48:45","guid":{"rendered":"http:\/\/www.escolavirginioperillo.com.br\/?page_id=530"},"modified":"2024-07-17T21:16:12","modified_gmt":"2024-07-18T00:16:12","slug":"plano-de-curso","status":"publish","type":"page","link":"https:\/\/www.escolavirginioperillo.com.br\/?page_id=530","title":{"rendered":"Plano de Curso"},"content":{"rendered":"<p style=\"text-align: justify;\"><strong><span style=\"color: #3366ff; font-family: tahoma, arial, helvetica, sans-serif; font-size: 14pt;\">INFORMA\u00c7\u00d5ES GERAIS<\/span><\/strong><\/p>\n<p style=\"text-align: justify;\"><span style=\"color: #000000; font-family: tahoma, arial, helvetica, sans-serif; font-size: 14pt;\">O Plano de Curso \u00e9 um instrumento de trabalho que possui o objetivo de referenciar os conte\u00fados, as metodologias, os procedimentos e as t\u00e9cnicas a serem utilizadas no processo de ensino-aprendizagem concernentes \u00e0s unidades escolares. Sejam estas de ensino fundamental e m\u00e9dio, institui\u00e7\u00f5es de ensino superior e cursos t\u00e9cnicos de qualquer n\u00edvel. <\/span><\/p>\n<p style=\"text-align: justify;\"><span style=\"color: #000000; font-family: tahoma, arial, helvetica, sans-serif; font-size: 14pt;\">A confec\u00e7\u00e3o do plano deve ocorrer na presen\u00e7a do grupo pedag\u00f3gico da unidade escolar, atendendo \u00e0 caracter\u00edstica interdisciplinar e contextualizada estabelecida pelos Par\u00e2metros Curriculares Nacionais (PCNs) em \u00e2mbito nacional e os Conte\u00fados B\u00e1sicos Comuns (CBCs) em \u00e2mbito estadual. A constru\u00e7\u00e3o desse material gera entre os profissionais uma nova postura, ocasionando debates voltados para a satisfa\u00e7\u00e3o em promover a\u00e7\u00f5es norteadoras, visando a um melhor n\u00edvel de ensino dos conte\u00fados program\u00e1ticos. <\/span><\/p>\n<p style=\"text-align: justify;\"><span style=\"color: #000000; font-family: tahoma, arial, helvetica, sans-serif; font-size: 14pt;\">Constitu\u00eddo, o plano de curso orienta o profissional no decorrer das atividades escolares, sequenciando os conte\u00fados primordiais, os eventos escolares, os materiais a serem utilizados, os procedimentos avaliativos, entre outros. Devido \u00e0 evid\u00eancia do processo organizacional desse instrumento, as institui\u00e7\u00f5es educacionais v\u00eam exigindo de seus colaboradores, a elabora\u00e7\u00e3o do mesmo. <\/span><\/p>\n<p style=\"text-align: justify;\"><span style=\"color: #000000; font-family: tahoma, arial, helvetica, sans-serif; font-size: 14pt;\">Na Escola Estadual &#8220;Virg\u00ednio Perillo&#8221; \u00a0o plano de curso \u00e9 considerado um instrumento flex\u00edvel, pois no decorrer do ano letivo, de acordo com o surgimento de novas situa\u00e7\u00f5es metodol\u00f3gicas, estas poder\u00e3o ser inseridas e registradas. Dessa maneira, a escola adota\u00a0dois tipos de trabalho, um ligado \u00e0 coletividade de todos os professores (interdisciplinaridade) e outro individual, o qual fornece as particularidades de cada disciplina.<\/span><\/p>\n<p style=\"text-align: justify;\"><span style=\"color: #000000; font-family: tahoma, arial, helvetica, sans-serif; font-size: 14pt;\">Dentro da import\u00e2ncia elucidada acima em rela\u00e7\u00e3o ao plano de curso, a Escola &#8220;Virg\u00ednio Perillo&#8221; oferece \u00e0 toda a comunidade escolar o download do mesmo atrav\u00e9s do link abaixo. Com o plano de curso em m\u00e3os, os alunos e pais\/respons\u00e1veis poder\u00e3o ter no\u00e7\u00e3o de tudo o que foi e o que ser\u00e1 dado em cada bimestre dentre de cada disciplina. Poder\u00e3o tamb\u00e9m conferir atrav\u00e9s das habilidades expostas nos\u00a0simulados e avalia\u00e7\u00f5es bimestrais as mat\u00e9rias cobradas em cada quest\u00e3o.\u00a0<\/span><\/p>\n<p style=\"text-align: justify;\"><strong><span style=\"color: #3366ff; font-family: tahoma, arial, helvetica, sans-serif; font-size: 14pt;\">LINKS &#8211; PLANOS DE CURSOS<\/span><\/strong><\/p>\n<p style=\"text-align: justify;\"><span style=\"color: #0000ff;\"><a style=\"color: #0000ff;\" href=\"http:\/\/www.escolavirginioperillo.com.br\/wp-content\/uploads\/2016\/04\/Plano-de-Curso-2016-L\u00edngua-Portuguesa.pdf\" target=\"_blank\" rel=\"noopener\">PLANO DE CURSO &#8211; L\u00cdNGUA PORTUGUESA<\/a><\/span><\/p>\n<p style=\"text-align: justify;\"><span style=\"color: #0000ff;\"><a style=\"color: #0000ff;\" href=\"http:\/\/www.escolavirginioperillo.com.br\/wp-content\/uploads\/2016\/04\/Plano-de-Curso-2016-Matem\u00e1tica.pdf\" target=\"_blank\" rel=\"noopener\">PLANO DE CURSO &#8211;\u00a0MATEM\u00c1TICA<\/a><\/span><\/p>\n<p style=\"text-align: justify;\"><span style=\"color: #0000ff;\"><a style=\"color: #0000ff;\" href=\"http:\/\/www.escolavirginioperillo.com.br\/wp-content\/uploads\/2016\/04\/Plano-de-Curso-2016-Hist\u00f3ria.pdf\" target=\"_blank\" rel=\"noopener\">PLANO DE CURSO &#8211; HIST\u00d3RIA<\/a><\/span><\/p>\n<p style=\"text-align: justify;\"><span style=\"color: #0000ff;\"><a style=\"color: #0000ff;\" href=\"http:\/\/www.escolavirginioperillo.com.br\/wp-content\/uploads\/2016\/04\/Plano-de-Curso-2016-Geografia.pdf\" target=\"_blank\" rel=\"noopener\">PLANO DE CURSO &#8211; GEOGRAFIA<\/a><\/span><\/p>\n<p style=\"text-align: justify;\"><span style=\"color: #0000ff;\"><a style=\"color: #0000ff;\" href=\"http:\/\/www.escolavirginioperillo.com.br\/wp-content\/uploads\/2016\/04\/Plano-de-Curso-2016-Ci\u00eancias.pdf\" target=\"_blank\" rel=\"noopener\">PLANO DE CURSO &#8211; CI\u00caNCIAS<\/a><\/span><\/p>\n<p style=\"text-align: justify;\"><span style=\"color: #0000ff;\"><a style=\"color: #0000ff;\" href=\"http:\/\/www.escolavirginioperillo.com.br\/wp-content\/uploads\/2016\/04\/Plano-de-Curso-2016-Ingl\u00eas.pdf\" target=\"_blank\" rel=\"noopener\">PLANO DE CURSO &#8211; INGL\u00caS<\/a><\/span><\/p>\n<p style=\"text-align: justify;\"><span style=\"color: #0000ff;\"><a style=\"color: #0000ff;\" href=\"http:\/\/www.escolavirginioperillo.com.br\/wp-content\/uploads\/2016\/04\/Plano-de-Curso-2016-Artes.pdf\" target=\"_blank\" rel=\"noopener\">PLANO DE CURSO &#8211; ARTES<\/a><\/span><\/p>\n<p style=\"text-align: justify;\"><span style=\"color: #0000ff;\"><a style=\"color: #0000ff;\" href=\"http:\/\/www.escolavirginioperillo.com.br\/wp-content\/uploads\/2016\/04\/Plano-de-curso-2016-Ensino-Religioso.pdf\" target=\"_blank\" rel=\"noopener\">PLANO DE CURSO &#8211; ENSINO RELIGIOSO<\/a><\/span><\/p>\n<p style=\"text-align: justify;\"><span style=\"color: #0000ff;\"><a style=\"color: #0000ff;\" href=\"http:\/\/www.escolavirginioperillo.com.br\/wp-content\/uploads\/2016\/04\/Plano-de-Curso-2016-Educa\u00e7\u00e3o-F\u00edsica.pdf\" target=\"_blank\" rel=\"noopener\">PLANO DE CURSO &#8211; EDUCA\u00c7\u00c3O F\u00cdSICA<\/a><\/span><\/p>\n<p style=\"text-align: justify;\"><span style=\"color: #0000ff;\"><a style=\"color: #0000ff;\" href=\"http:\/\/www.escolavirginioperillo.com.br\/wp-content\/uploads\/2016\/04\/Plano-de-Curso-2016-Sociologia.pdf\" target=\"_blank\" rel=\"noopener\">PLANO DE CURSO &#8211; SOCIOLOGIA<\/a><\/span><\/p>\n<p style=\"text-align: justify;\"><span style=\"color: #0000ff;\"><a style=\"color: #0000ff;\" href=\"http:\/\/www.escolavirginioperillo.com.br\/wp-content\/uploads\/2016\/04\/Plano-de-Curso-2016-Filosofia.pdf\" target=\"_blank\" rel=\"noopener\">PLANO DE CURSO &#8211; FILOSOFIA<\/a><\/span><\/p>\n<p style=\"text-align: justify;\"><span style=\"color: #0000ff;\"><a style=\"color: #0000ff;\" href=\"http:\/\/www.escolavirginioperillo.com.br\/wp-content\/uploads\/2016\/04\/Plano-de-Curso-2016-F\u00edsica.pdf\" target=\"_blank\" rel=\"noopener\">PLANO DE CURSO &#8211; F\u00cdSICA<\/a><\/span><\/p>\n<p style=\"text-align: justify;\"><span style=\"color: #0000ff;\"><a style=\"color: #0000ff;\" href=\"http:\/\/www.escolavirginioperillo.com.br\/wp-content\/uploads\/2016\/04\/Plano-de-Curso-2016-Qu\u00edmica.pdf\" target=\"_blank\" rel=\"noopener\">PLANO DE CURSO &#8211; QU\u00cdMICA<\/a><\/span><\/p>\n<p style=\"text-align: justify;\"><span style=\"color: #0000ff;\"><a style=\"color: #0000ff;\" href=\"http:\/\/www.escolavirginioperillo.com.br\/wp-content\/uploads\/2016\/04\/Plano-de-Curso-2016-Biologia.pdf\" target=\"_blank\" rel=\"noopener\">PLANO DE CURSO &#8211; BIOLOGIA<\/a><\/span><\/p>\n","protected":false},"excerpt":{"rendered":"<p>INFORMA\u00c7\u00d5ES GERAIS O Plano de Curso \u00e9 um instrumento de trabalho que possui o objetivo de referenciar os conte\u00fados, as metodologias, os procedimentos e as t\u00e9cnicas a serem utilizadas no processo de ensino-aprendizagem concernentes \u00e0s unidades escolares. Sejam estas de ensino fundamental e m\u00e9dio, institui\u00e7\u00f5es de ensino superior e cursos t\u00e9cnicos de qualquer n\u00edvel. A [&hellip;]<\/p>\n","protected":false},"author":1,"featured_media":0,"parent":0,"menu_order":0,"comment_status":"closed","ping_status":"open","template":"","meta":[],"_links":{"self":[{"href":"https:\/\/www.escolavirginioperillo.com.br\/index.php?rest_route=\/wp\/v2\/pages\/530"}],"collection":[{"href":"https:\/\/www.escolavirginioperillo.com.br\/index.php?rest_route=\/wp\/v2\/pages"}],"about":[{"href":"https:\/\/www.escolavirginioperillo.com.br\/index.php?rest_route=\/wp\/v2\/types\/page"}],"author":[{"embeddable":true,"href":"https:\/\/www.escolavirginioperillo.com.br\/index.php?rest_route=\/wp\/v2\/users\/1"}],"replies":[{"embeddable":true,"href":"https:\/\/www.escolavirginioperillo.com.br\/index.php?rest_route=%2Fwp%2Fv2%2Fcomments&post=530"}],"version-history":[{"count":8,"href":"https:\/\/www.escolavirginioperillo.com.br\/index.php?rest_route=\/wp\/v2\/pages\/530\/revisions"}],"predecessor-version":[{"id":1683,"href":"https:\/\/www.escolavirginioperillo.com.br\/index.php?rest_route=\/wp\/v2\/pages\/530\/revisions\/1683"}],"wp:attachment":[{"href":"https:\/\/www.escolavirginioperillo.com.br\/index.php?rest_route=%2Fwp%2Fv2%2Fmedia&parent=530"}],"curies":[{"name":"wp","href":"https:\/\/api.w.org\/{rel}","templated":true}]}}