{"id":533,"date":"2016-01-19T20:51:09","date_gmt":"2016-01-19T20:51:09","guid":{"rendered":"http:\/\/www.escolavirginioperillo.com.br\/?page_id=533"},"modified":"2024-07-17T21:15:52","modified_gmt":"2024-07-18T00:15:52","slug":"conteudos-basicos-comuns-cbc","status":"publish","type":"page","link":"https:\/\/www.escolavirginioperillo.com.br\/?page_id=533","title":{"rendered":"Conte\u00fados B\u00e1sicos Comuns &#8211; CBC"},"content":{"rendered":"<p style=\"text-align: justify;\"><strong><span style=\"color: #3366ff; font-family: tahoma, arial, helvetica, sans-serif; font-size: 14pt;\">INFORMA\u00c7\u00d5ES GERAIS<\/span><\/strong><\/p>\n<p style=\"text-align: justify;\"><span style=\"color: #000000; font-family: tahoma, arial, helvetica, sans-serif; font-size: 14pt;\">Estabelecer os conhecimentos, as habilidades e compet\u00eancias a serem adquiridos pelos alunos na educa\u00e7\u00e3o b\u00e1sica, bem como as metas a serem alcan\u00e7adas pelo professor a cada ano, \u00e9 uma condi\u00e7\u00e3o indispens\u00e1vel para o sucesso de todo sistema escolar que pretenda oferecer servi\u00e7os educacionais de qualidade \u00e0 popula\u00e7\u00e3o. A defini\u00e7\u00e3o dos conte\u00fados b\u00e1sicos comuns (CBC) para os anos finais do ensino fundamental e para o ensino m\u00e9dio constitui um passo importante no sentido de tornar a rede estadual de ensino de Minas num sistema de alto desempenho. <\/span><\/p>\n<p><span style=\"color: #000000; font-family: tahoma, arial, helvetica, sans-serif; font-size: 14pt;\">Os CBCs n\u00e3o esgotam todos os conte\u00fados a serem abordados na escola, mas expressam os aspectos fundamentais de cada disciplina, que n\u00e3o podem deixar de ser ensinados e que o aluno n\u00e3o pode deixar de aprender. Ao mesmo tempo, est\u00e3o indicadas as habilidades e compet\u00eancia que ele n\u00e3o pode deixar de adquirir e desenvolver. No ensino m\u00e9dio, foram estruturados em dois n\u00edveis para permitir uma primeira abordagem mais geral e semiquantitativa no primeiro ano, e um tratamento mais quantitativo e aprofundado no segundo ano. <\/span><\/p>\n<p><span style=\"color: #000000; font-family: tahoma, arial, helvetica, sans-serif; font-size: 14pt;\">A import\u00e2ncia dos CBCs justifica tom\u00e1-los como base para a elabora\u00e7\u00e3o da avalia\u00e7\u00e3o anual do Programa de Avalia\u00e7\u00e3o da Educa\u00e7\u00e3o B\u00e1sica (PROEB) e para o Programa de Avalia\u00e7\u00e3o da Aprendizagem Escolar (PAAE) e para o estabelecimento de um plano de metas para cada escola. O progresso dos alunos, reconhecidos por meio dessas avalia\u00e7\u00f5es, constitui a refer\u00eancia b\u00e1sica para o estabelecimento de sistema de responsabiliza\u00e7\u00e3o e premia\u00e7\u00e3o da escola e de seus servidores. Ao mesmo tempo, a constata\u00e7\u00e3o de um dom\u00ednio cada vez mais satisfat\u00f3rio desses conte\u00fados pelos alunos gera conseq\u00fc\u00eancias positivas na carreira docente de todo professor. <\/span><\/p>\n<p style=\"text-align: justify;\"><span style=\"text-decoration: underline; font-size: 12pt;\"><span style=\"color: #3366ff; font-family: tahoma, arial, helvetica, sans-serif; text-decoration: underline;\"><a style=\"color: #3366ff; text-decoration: underline;\" href=\"http:\/\/www.escolavirginioperillo.com.br\/wp-content\/uploads\/2016\/03\/CBC-Anos-Finais-ARTE.pdf\" target=\"_blank\" rel=\"noopener\">LINK &#8211; CBC ARTES (ENSINO FUNDAMENTAL II)<\/a><\/span><\/span><\/p>\n<p style=\"text-align: justify;\"><span style=\"text-decoration: underline; font-size: 12pt;\"><span style=\"color: #3366ff; font-family: tahoma, arial, helvetica, sans-serif; text-decoration: underline;\"><a style=\"color: #3366ff; text-decoration: underline;\" href=\"http:\/\/www.escolavirginioperillo.com.br\/wp-content\/uploads\/2016\/03\/CBC-Anos-Finais-CI\u00caNCIAS.pdf\" target=\"_blank\" rel=\"noopener\">LINK &#8211; CBC CI\u00caNCIAS (ENSINO FUNDAMENTAL II)<\/a><\/span><\/span><\/p>\n<p style=\"text-align: justify;\"><span style=\"text-decoration: underline; font-size: 12pt;\"><span style=\"color: #3366ff; font-family: tahoma, arial, helvetica, sans-serif; text-decoration: underline;\"><a style=\"color: #3366ff; text-decoration: underline;\" href=\"http:\/\/www.escolavirginioperillo.com.br\/wp-content\/uploads\/2016\/03\/CBC-Anos-Finais-EDUCA\u00c7\u00c3O-F\u00cdSICA.pdf\" target=\"_blank\" rel=\"noopener\">LINK &#8211; CBC EDUCA\u00c7\u00c3O F\u00cdSICA\u00a0(ENSINO FUNDAMENTAL II)<\/a><\/span><\/span><\/p>\n<p style=\"text-align: justify;\"><span style=\"text-decoration: underline; font-size: 12pt;\"><span style=\"color: #3366ff; font-family: tahoma, arial, helvetica, sans-serif; text-decoration: underline;\"><a style=\"color: #3366ff; text-decoration: underline;\" href=\"http:\/\/www.escolavirginioperillo.com.br\/wp-content\/uploads\/2016\/03\/CBC-Anos-Finais-ENSINO-RELIGIOSO.pdf\" target=\"_blank\" rel=\"noopener\">LINK &#8211; CBC ENSINO RELIGIOSO (ENSINO FUNDAMENTAL II)<\/a><\/span><\/span><\/p>\n<p style=\"text-align: justify;\"><span style=\"text-decoration: underline; font-size: 12pt;\"><span style=\"color: #3366ff; font-family: tahoma, arial, helvetica, sans-serif; text-decoration: underline;\"><a style=\"color: #3366ff; text-decoration: underline;\" href=\"http:\/\/www.escolavirginioperillo.com.br\/wp-content\/uploads\/2016\/03\/CBC-Anos-Finais-GEOGRAFIA.pdf\" target=\"_blank\" rel=\"noopener\">LINK &#8211; CBC GEOGRAFIA\u00a0(ENSINO FUNDAMENTAL II)<\/a><\/span><\/span><\/p>\n<p style=\"text-align: justify;\"><span style=\"text-decoration: underline; font-size: 12pt;\"><span style=\"color: #3366ff; font-family: tahoma, arial, helvetica, sans-serif; text-decoration: underline;\"><a style=\"color: #3366ff; text-decoration: underline;\" href=\"http:\/\/www.escolavirginioperillo.com.br\/wp-content\/uploads\/2016\/03\/CBC-Anos-Finais-HIST\u00d3RIA.pdf\" target=\"_blank\" rel=\"noopener\">LINK &#8211; CBC HIST\u00d3RIA\u00a0(ENSINO FUNDAMENTAL II)<\/a><\/span><\/span><\/p>\n<p style=\"text-align: justify;\"><span style=\"text-decoration: underline; font-size: 12pt;\"><span style=\"color: #3366ff; font-family: tahoma, arial, helvetica, sans-serif; text-decoration: underline;\"><a style=\"color: #3366ff; text-decoration: underline;\" href=\"http:\/\/www.escolavirginioperillo.com.br\/wp-content\/uploads\/2016\/03\/CBC-Anos-Finais-L\u00cdNGUA-ESTRANGEIRA.pdf\" target=\"_blank\" rel=\"noopener\">LINK &#8211; CBC INGL\u00caS\u00a0(ENSINO FUNDAMENTAL II)<\/a><\/span><\/span><\/p>\n<p style=\"text-align: justify;\"><span style=\"text-decoration: underline; font-size: 12pt;\"><span style=\"color: #3366ff; font-family: tahoma, arial, helvetica, sans-serif; text-decoration: underline;\"><a style=\"color: #3366ff; text-decoration: underline;\" href=\"http:\/\/www.escolavirginioperillo.com.br\/wp-content\/uploads\/2016\/03\/CBC-Anos-Finais-L\u00cdNGUA-PORTUGUESA.pdf\" target=\"_blank\" rel=\"noopener\">LINK &#8211; CBC L\u00cdNGUA PORTUGUESA (ENSINO FUNDAMENTAL II)<\/a><\/span><\/span><\/p>\n<p style=\"text-align: justify;\"><span style=\"text-decoration: underline; font-size: 12pt;\"><span style=\"color: #3366ff; font-family: tahoma, arial, helvetica, sans-serif; text-decoration: underline;\"><a style=\"color: #3366ff; text-decoration: underline;\" href=\"http:\/\/www.escolavirginioperillo.com.br\/wp-content\/uploads\/2016\/03\/CBC-Anos-Finais-MATEM\u00c1TICA.pdf\" target=\"_blank\" rel=\"noopener\">LINK &#8211; CBC MATEM\u00c1TICA (ENSINO FUNDAMENTAL II)<\/a><\/span><\/span><\/p>\n<p style=\"text-align: justify;\"><span style=\"text-decoration: underline; font-size: 12pt;\"><span style=\"color: #3366ff; font-family: tahoma, arial, helvetica, sans-serif; text-decoration: underline;\"><a style=\"color: #3366ff; text-decoration: underline;\" href=\"http:\/\/www.escolavirginioperillo.com.br\/wp-content\/uploads\/2016\/03\/CBC-Ensino-M\u00e9dio-ARTES.pdf\" target=\"_blank\" rel=\"noopener\">LINK &#8211; CBC ARTES\u00a0(ENSINO M\u00c9DIO)<\/a><\/span><\/span><\/p>\n<p style=\"text-align: justify;\"><span style=\"text-decoration: underline; font-size: 12pt;\"><span style=\"color: #3366ff; font-family: tahoma, arial, helvetica, sans-serif; text-decoration: underline;\"><a style=\"color: #3366ff; text-decoration: underline;\" href=\"http:\/\/www.escolavirginioperillo.com.br\/wp-content\/uploads\/2016\/03\/CBC-Ensino-M\u00e9dio-BIOLOGIA.pdf\" target=\"_blank\" rel=\"noopener\">LINK &#8211; CBC BIOLOGIA\u00a0(ENSINO M\u00c9DIO)<\/a><\/span><\/span><\/p>\n<p style=\"text-align: justify;\"><span style=\"text-decoration: underline; font-size: 12pt;\"><span style=\"color: #3366ff; font-family: tahoma, arial, helvetica, sans-serif; text-decoration: underline;\"><a style=\"color: #3366ff; text-decoration: underline;\" href=\"http:\/\/www.escolavirginioperillo.com.br\/wp-content\/uploads\/2016\/03\/CBC-Ensino-M\u00e9dio-ED.-F\u00cdSICA.pdf\" target=\"_blank\" rel=\"noopener\">LINK &#8211; CBC EDUCA\u00c7\u00c3O F\u00cdSICA\u00a0(ENSINO M\u00c9DIO)<\/a><\/span><\/span><\/p>\n<p style=\"text-align: justify;\"><span style=\"text-decoration: underline; font-size: 12pt;\"><span style=\"color: #3366ff; font-family: tahoma, arial, helvetica, sans-serif; text-decoration: underline;\"><a style=\"color: #3366ff; text-decoration: underline;\" href=\"http:\/\/www.escolavirginioperillo.com.br\/wp-content\/uploads\/2016\/03\/CBC-Ensino-M\u00e9dio-FILOSOFIA.pdf\" target=\"_blank\" rel=\"noopener\">LINK &#8211; CBC FILOSOFIA\u00a0(ENSINO M\u00c9DIO)<\/a><\/span><\/span><\/p>\n<p style=\"text-align: justify;\"><span style=\"text-decoration: underline; font-size: 12pt;\"><span style=\"color: #3366ff; font-family: tahoma, arial, helvetica, sans-serif; text-decoration: underline;\"><a style=\"color: #3366ff; text-decoration: underline;\" href=\"http:\/\/www.escolavirginioperillo.com.br\/wp-content\/uploads\/2016\/03\/CBC-Ensino-M\u00e9dio-F\u00cdSICA.pdf\" target=\"_blank\" rel=\"noopener\">LINK &#8211; CBC F\u00cdSICA\u00a0(ENSINO M\u00c9DIO)<\/a><\/span><\/span><\/p>\n<p style=\"text-align: justify;\"><span style=\"text-decoration: underline; font-size: 12pt;\"><span style=\"color: #3366ff; font-family: tahoma, arial, helvetica, sans-serif; text-decoration: underline;\"><a style=\"color: #3366ff; text-decoration: underline;\" href=\"http:\/\/www.escolavirginioperillo.com.br\/wp-content\/uploads\/2016\/03\/CBC-Ensino-M\u00e9dio-GEOGRAFIA.pdf\" target=\"_blank\" rel=\"noopener\">LINK &#8211; CBC GEOGRAFIA\u00a0(ENSINO M\u00c9DIO)<\/a><\/span><\/span><\/p>\n<p style=\"text-align: justify;\"><span style=\"text-decoration: underline; font-size: 12pt;\"><span style=\"color: #3366ff; font-family: tahoma, arial, helvetica, sans-serif; text-decoration: underline;\"><a style=\"color: #3366ff; text-decoration: underline;\" href=\"http:\/\/www.escolavirginioperillo.com.br\/wp-content\/uploads\/2016\/03\/CBC-Ensino-M\u00e9dio-HIST\u00d3RIA.pdf\" target=\"_blank\" rel=\"noopener\">LINK &#8211; CBC HIST\u00d3RIA\u00a0(ENSINO M\u00c9DIO)<\/a><\/span><\/span><\/p>\n<p style=\"text-align: justify;\"><span style=\"text-decoration: underline; font-size: 12pt;\"><span style=\"color: #3366ff; font-family: tahoma, arial, helvetica, sans-serif; text-decoration: underline;\"><a style=\"color: #3366ff; text-decoration: underline;\" href=\"http:\/\/www.escolavirginioperillo.com.br\/wp-content\/uploads\/2016\/03\/CBC-Ensino-M\u00e9dio-INGL\u00caS.pdf\" target=\"_blank\" rel=\"noopener\">LINK &#8211; CBC INGL\u00caS\u00a0(ENSINO M\u00c9DIO)<\/a><\/span><\/span><\/p>\n<p style=\"text-align: justify;\"><span style=\"text-decoration: underline; font-size: 12pt;\"><span style=\"color: #3366ff; font-family: tahoma, arial, helvetica, sans-serif; text-decoration: underline;\"><a style=\"color: #3366ff; text-decoration: underline;\" href=\"http:\/\/www.escolavirginioperillo.com.br\/wp-content\/uploads\/2016\/03\/CBC-Ensino-M\u00e9dio-L\u00cdNGUA-PORTUGUESA.pdf\" target=\"_blank\" rel=\"noopener\">LINK &#8211; CBC L\u00cdNGUA PORTUGUESA\u00a0(ENSINO M\u00c9DIO)<\/a><\/span><\/span><\/p>\n<p style=\"text-align: justify;\"><span style=\"text-decoration: underline; font-size: 12pt;\"><span style=\"color: #3366ff; font-family: tahoma, arial, helvetica, sans-serif; text-decoration: underline;\"><a style=\"color: #3366ff; text-decoration: underline;\" href=\"http:\/\/www.escolavirginioperillo.com.br\/wp-content\/uploads\/2016\/03\/CBC-Ensino-M\u00e9dio-MATEM\u00c1TICA.pdf\" target=\"_blank\" rel=\"noopener\">LINK &#8211; CBC MATEM\u00c1TICA\u00a0(ENSINO M\u00c9DIO)<\/a><\/span><\/span><\/p>\n<p style=\"text-align: justify;\"><span style=\"text-decoration: underline; font-size: 12pt;\"><span style=\"color: #3366ff; font-family: tahoma, arial, helvetica, sans-serif; text-decoration: underline;\"><a style=\"color: #3366ff; text-decoration: underline;\" href=\"http:\/\/www.escolavirginioperillo.com.br\/wp-content\/uploads\/2016\/03\/CBC-Ensino-M\u00e9dio-QU\u00cdMICA.pdf\" target=\"_blank\" rel=\"noopener\">LINK &#8211; CBC QU\u00cdMICA\u00a0(ENSINO M\u00c9DIO)<\/a><\/span><\/span><\/p>\n<p style=\"text-align: justify;\"><span style=\"text-decoration: underline; font-size: 12pt;\"><span style=\"color: #3366ff; font-family: tahoma, arial, helvetica, sans-serif; text-decoration: underline;\"><a style=\"color: #3366ff; text-decoration: underline;\" href=\"http:\/\/www.escolavirginioperillo.com.br\/wp-content\/uploads\/2016\/03\/CBC-Ensino-M\u00e9dio-SOCIOLOGIA.pdf\" target=\"_blank\" rel=\"noopener\">LINK &#8211; CBC SOCIOLOGIA\u00a0(ENSINO M\u00c9DIO)<\/a><\/span><\/span><\/p>\n","protected":false},"excerpt":{"rendered":"<p>INFORMA\u00c7\u00d5ES GERAIS Estabelecer os conhecimentos, as habilidades e compet\u00eancias a serem adquiridos pelos alunos na educa\u00e7\u00e3o b\u00e1sica, bem como as metas a serem alcan\u00e7adas pelo professor a cada ano, \u00e9 uma condi\u00e7\u00e3o indispens\u00e1vel para o sucesso de todo sistema escolar que pretenda oferecer servi\u00e7os educacionais de qualidade \u00e0 popula\u00e7\u00e3o. A defini\u00e7\u00e3o dos conte\u00fados b\u00e1sicos comuns [&hellip;]<\/p>\n","protected":false},"author":1,"featured_media":0,"parent":0,"menu_order":0,"comment_status":"closed","ping_status":"open","template":"","meta":[],"_links":{"self":[{"href":"https:\/\/www.escolavirginioperillo.com.br\/index.php?rest_route=\/wp\/v2\/pages\/533"}],"collection":[{"href":"https:\/\/www.escolavirginioperillo.com.br\/index.php?rest_route=\/wp\/v2\/pages"}],"about":[{"href":"https:\/\/www.escolavirginioperillo.com.br\/index.php?rest_route=\/wp\/v2\/types\/page"}],"author":[{"embeddable":true,"href":"https:\/\/www.escolavirginioperillo.com.br\/index.php?rest_route=\/wp\/v2\/users\/1"}],"replies":[{"embeddable":true,"href":"https:\/\/www.escolavirginioperillo.com.br\/index.php?rest_route=%2Fwp%2Fv2%2Fcomments&post=533"}],"version-history":[{"count":17,"href":"https:\/\/www.escolavirginioperillo.com.br\/index.php?rest_route=\/wp\/v2\/pages\/533\/revisions"}],"predecessor-version":[{"id":1676,"href":"https:\/\/www.escolavirginioperillo.com.br\/index.php?rest_route=\/wp\/v2\/pages\/533\/revisions\/1676"}],"wp:attachment":[{"href":"https:\/\/www.escolavirginioperillo.com.br\/index.php?rest_route=%2Fwp%2Fv2%2Fmedia&parent=533"}],"curies":[{"name":"wp","href":"https:\/\/api.w.org\/{rel}","templated":true}]}}