{"id":56,"date":"2015-12-18T15:37:43","date_gmt":"2015-12-18T15:37:43","guid":{"rendered":"http:\/\/www.escolavirginioperillo.com.br\/?page_id=56"},"modified":"2024-07-17T21:16:12","modified_gmt":"2024-07-18T00:16:12","slug":"projeto-politico-pedagogico","status":"publish","type":"page","link":"https:\/\/www.escolavirginioperillo.com.br\/?page_id=56","title":{"rendered":"Projeto Politico Pedag\u00f3gico"},"content":{"rendered":"<p style=\"text-align: justify;\"><span style=\"color: #3366ff; font-size: 14pt;\"><strong><span style=\"font-family: tahoma, arial, helvetica, sans-serif;\">INFORMA\u00c7\u00d5ES GERAIS<\/span><\/strong><\/span><\/p>\n<p style=\"text-align: justify;\"><span style=\"font-family: tahoma, arial, helvetica, sans-serif; font-size: 14pt; color: #000000;\">A Escola Estadual &#8220;Virg\u00ednio Perillo&#8221; entende que o &#8220;Projeto Pol\u00edtico Pedag\u00f3gico&#8221; \u00e9 o fruto da intera\u00e7\u00e3o entre os objetivos e prioridades estabelecidas pela coletividade, que estabelece, atrav\u00e9s da reflex\u00e3o, as a\u00e7\u00f5es necess\u00e1rias \u00e0 constru\u00e7\u00e3o de uma nova realidade. <\/span><\/p>\n<p style=\"text-align: justify;\"><span style=\"font-family: tahoma, arial, helvetica, sans-serif; font-size: 14pt; color: #000000;\">Dessa maneira, antes de tudo, a constru\u00e7\u00e3o do PPP \u00e9 um trabalho que exige comprometimento de todos os envolvidos no processo educativo: professores, equipe t\u00e9cnica, alunos, seus pais e a comunidade como um todo.<\/span><\/p>\n<p style=\"text-align: justify;\"><span style=\"font-family: tahoma, arial, helvetica, sans-serif; font-size: 14pt; color: #000000;\">A relev\u00e2ncia do projeto consiste no planejamento que, evita improvisa\u00e7\u00e3o, servi\u00e7o malfeito, perda de tempo e de dinheiro. Ou seja, com planejamento, fica bem claro o que se pretende e o que deve ser feito para se chegar aonde se quer. Um bom Projeto Pol\u00edtico Pedag\u00f3gico d\u00e1 seguran\u00e7a \u00e0 escola. Escolhem-se as melhores estrat\u00e9gias o que facilita seu trabalho, pois o mesmo est\u00e1 fundamentado no Projeto que norteia toda Unidade Escolar. Isso se faz imprescind\u00edvel para\u00a0 se ter um rumo, visando obten\u00e7\u00e3o de resultados de forma mais eficiente, intensa, r\u00e1pida e segura.<\/span><\/p>\n<p>&nbsp;<\/p>\n<p style=\"text-align: justify;\"><span style=\"font-family: tahoma, arial, helvetica, sans-serif; font-size: 14pt; color: #3366ff;\"><strong><a style=\"color: #3366ff;\" href=\"http:\/\/www.escolavirginioperillo.com.br\/wp-content\/uploads\/2015\/12\/Projeto-Pol\u00edtco-Pedag\u00f3gico-2015-16.pdf\" target=\"_blank\" rel=\"noopener\">LINK &#8211; PROJETO POLITICO PEDAG\u00d3GICO<\/a><\/strong><\/span><\/p>\n<p style=\"text-align: justify;\">\n","protected":false},"excerpt":{"rendered":"<p>INFORMA\u00c7\u00d5ES GERAIS A Escola Estadual &#8220;Virg\u00ednio Perillo&#8221; entende que o &#8220;Projeto Pol\u00edtico Pedag\u00f3gico&#8221; \u00e9 o fruto da intera\u00e7\u00e3o entre os objetivos e prioridades estabelecidas pela coletividade, que estabelece, atrav\u00e9s da reflex\u00e3o, as a\u00e7\u00f5es necess\u00e1rias \u00e0 constru\u00e7\u00e3o de uma nova realidade. Dessa maneira, antes de tudo, a constru\u00e7\u00e3o do PPP \u00e9 um trabalho que exige comprometimento [&hellip;]<\/p>\n","protected":false},"author":1,"featured_media":0,"parent":0,"menu_order":0,"comment_status":"closed","ping_status":"open","template":"","meta":[],"_links":{"self":[{"href":"https:\/\/www.escolavirginioperillo.com.br\/index.php?rest_route=\/wp\/v2\/pages\/56"}],"collection":[{"href":"https:\/\/www.escolavirginioperillo.com.br\/index.php?rest_route=\/wp\/v2\/pages"}],"about":[{"href":"https:\/\/www.escolavirginioperillo.com.br\/index.php?rest_route=\/wp\/v2\/types\/page"}],"author":[{"embeddable":true,"href":"https:\/\/www.escolavirginioperillo.com.br\/index.php?rest_route=\/wp\/v2\/users\/1"}],"replies":[{"embeddable":true,"href":"https:\/\/www.escolavirginioperillo.com.br\/index.php?rest_route=%2Fwp%2Fv2%2Fcomments&post=56"}],"version-history":[{"count":17,"href":"https:\/\/www.escolavirginioperillo.com.br\/index.php?rest_route=\/wp\/v2\/pages\/56\/revisions"}],"predecessor-version":[{"id":1685,"href":"https:\/\/www.escolavirginioperillo.com.br\/index.php?rest_route=\/wp\/v2\/pages\/56\/revisions\/1685"}],"wp:attachment":[{"href":"https:\/\/www.escolavirginioperillo.com.br\/index.php?rest_route=%2Fwp%2Fv2%2Fmedia&parent=56"}],"curies":[{"name":"wp","href":"https:\/\/api.w.org\/{rel}","templated":true}]}}