{"id":58,"date":"2015-12-18T15:38:05","date_gmt":"2015-12-18T15:38:05","guid":{"rendered":"http:\/\/www.escolavirginioperillo.com.br\/?page_id=58"},"modified":"2024-07-17T21:16:12","modified_gmt":"2024-07-18T00:16:12","slug":"horario-de-aula","status":"publish","type":"page","link":"https:\/\/www.escolavirginioperillo.com.br\/?page_id=58","title":{"rendered":"Hor\u00e1rios &#8211; Adminstrativo e de Aulas"},"content":{"rendered":"<p style=\"text-align: justify;\"><span style=\"color: #3366ff;\"><strong><span style=\"font-family: tahoma, arial, helvetica, sans-serif; font-size: 14pt;\">INFORMA\u00c7\u00d5ES GERAIS<\/span><\/strong><\/span><\/p>\n<p style=\"text-align: justify;\"><span style=\"color: #000000; font-family: tahoma, arial, helvetica, sans-serif; font-size: 14pt;\">A Escola Estadual &#8220;Virg\u00ednio Perillo&#8221; oferece para todos os seus funcion\u00e1rios, alunos, pais e\/ou respons\u00e1veis e comunidade em geral todos hor\u00e1rios escolares. Atrav\u00e9s dos links abaixo qualquer pessoa pode consultar os hor\u00e1rios de aulas por turno e por turma e os hor\u00e1rios de trabalho de cada funcion\u00e1rio (professores, supervis\u00e3o, dire\u00e7\u00e3o, bibliotec\u00e1rias, secret\u00e1rias, recepcionistas e ASBs) da escola.<\/span><\/p>\n<p style=\"text-align: justify;\"><span style=\"font-family: tahoma, arial, helvetica, sans-serif; font-size: 14pt; color: #3366ff;\"><strong><a style=\"color: #3366ff;\" href=\"http:\/\/www.escolavirginioperillo.com.br\/wp-content\/uploads\/2016\/03\/Turma-Geral-2016-Matutino.pdf\" target=\"_blank\" rel=\"noopener\">LINK &#8211; HOR\u00c1RIO DE AULAS DO TURNO MATUTINO<\/a><\/strong><\/span><\/p>\n<p style=\"text-align: justify;\"><span style=\"font-family: tahoma, arial, helvetica, sans-serif; font-size: 14pt; color: #3366ff;\"><strong><a style=\"color: #3366ff;\" href=\"http:\/\/www.escolavirginioperillo.com.br\/wp-content\/uploads\/2016\/03\/Turma-Geral-2016-Vespertino.pdf\" target=\"_blank\" rel=\"noopener\">LINK &#8211; HOR\u00c1RIO DE AULAS DO TURNO\u00a0VESPERTINO<\/a><\/strong><\/span><\/p>\n<p style=\"text-align: justify;\"><span style=\"font-family: tahoma, arial, helvetica, sans-serif; font-size: 14pt; color: #3366ff;\"><strong><a style=\"color: #3366ff;\" href=\"http:\/\/www.escolavirginioperillo.com.br\/wp-content\/uploads\/2016\/03\/Hor\u00e1rio-Professor-Individual.pdf\" target=\"_blank\" rel=\"noopener\">LINK &#8211; HOR\u00c1RIO ADMINISTRATIVO: PROFESSOR<\/a><\/strong><\/span><\/p>\n<p style=\"text-align: justify;\"><span style=\"font-family: tahoma, arial, helvetica, sans-serif; font-size: 14pt; color: #3366ff;\"><strong><a style=\"color: #3366ff;\" href=\"http:\/\/www.escolavirginioperillo.com.br\/wp-content\/uploads\/2016\/03\/Hor\u00e1rio-2016-Funcion\u00e1rios-Administrativos.pdf\" target=\"_blank\" rel=\"noopener\">LINK &#8211; HOR\u00c1RIO ADMINISTRATIVO: DIRE\u00c7\u00c3O E SUPERVIS\u00c3O<\/a><\/strong><\/span><\/p>\n<p style=\"text-align: justify;\"><span style=\"font-family: tahoma, arial, helvetica, sans-serif; font-size: 14pt; color: #3366ff;\"><strong><a style=\"color: #3366ff;\" href=\"http:\/\/www.escolavirginioperillo.com.br\/wp-content\/uploads\/2016\/03\/Hor\u00e1rio-2016-Funcion\u00e1rios-Administrativos-Secretaria-e-Biblioteca.pdf\" target=\"_blank\" rel=\"noopener\">LINK &#8211; HOR\u00c1RIO ADMINISTRATIVO: SECRET\u00c1RIAS<\/a><\/strong><\/span><\/p>\n<p style=\"text-align: justify;\"><span style=\"font-family: tahoma, arial, helvetica, sans-serif; font-size: 14pt; color: #3366ff;\"><strong><a style=\"color: #3366ff;\" href=\"http:\/\/www.escolavirginioperillo.com.br\/wp-content\/uploads\/2016\/03\/Hor\u00e1rio-2016-Funcion\u00e1rios-Administrativos-ASBs.pdf\" target=\"_blank\" rel=\"noopener\">LINK &#8211; HOR\u00c1RIO ADMINISTRATIVO: ASBs<\/a><\/strong><\/span><\/p>\n","protected":false},"excerpt":{"rendered":"<p>INFORMA\u00c7\u00d5ES GERAIS A Escola Estadual &#8220;Virg\u00ednio Perillo&#8221; oferece para todos os seus funcion\u00e1rios, alunos, pais e\/ou respons\u00e1veis e comunidade em geral todos hor\u00e1rios escolares. Atrav\u00e9s dos links abaixo qualquer pessoa pode consultar os hor\u00e1rios de aulas por turno e por turma e os hor\u00e1rios de trabalho de cada funcion\u00e1rio (professores, supervis\u00e3o, dire\u00e7\u00e3o, bibliotec\u00e1rias, secret\u00e1rias, recepcionistas [&hellip;]<\/p>\n","protected":false},"author":1,"featured_media":0,"parent":0,"menu_order":0,"comment_status":"closed","ping_status":"closed","template":"","meta":[],"_links":{"self":[{"href":"https:\/\/www.escolavirginioperillo.com.br\/index.php?rest_route=\/wp\/v2\/pages\/58"}],"collection":[{"href":"https:\/\/www.escolavirginioperillo.com.br\/index.php?rest_route=\/wp\/v2\/pages"}],"about":[{"href":"https:\/\/www.escolavirginioperillo.com.br\/index.php?rest_route=\/wp\/v2\/types\/page"}],"author":[{"embeddable":true,"href":"https:\/\/www.escolavirginioperillo.com.br\/index.php?rest_route=\/wp\/v2\/users\/1"}],"replies":[{"embeddable":true,"href":"https:\/\/www.escolavirginioperillo.com.br\/index.php?rest_route=%2Fwp%2Fv2%2Fcomments&post=58"}],"version-history":[{"count":9,"href":"https:\/\/www.escolavirginioperillo.com.br\/index.php?rest_route=\/wp\/v2\/pages\/58\/revisions"}],"predecessor-version":[{"id":1682,"href":"https:\/\/www.escolavirginioperillo.com.br\/index.php?rest_route=\/wp\/v2\/pages\/58\/revisions\/1682"}],"wp:attachment":[{"href":"https:\/\/www.escolavirginioperillo.com.br\/index.php?rest_route=%2Fwp%2Fv2%2Fmedia&parent=58"}],"curies":[{"name":"wp","href":"https:\/\/api.w.org\/{rel}","templated":true}]}}