{"id":63,"date":"2015-12-18T15:43:48","date_gmt":"2015-12-18T15:43:48","guid":{"rendered":"http:\/\/www.escolavirginioperillo.com.br\/?page_id=63"},"modified":"2024-07-17T21:15:52","modified_gmt":"2024-07-18T00:15:52","slug":"proposta-curricular-em","status":"publish","type":"page","link":"https:\/\/www.escolavirginioperillo.com.br\/?page_id=63","title":{"rendered":"Ensino M\u00e9dio"},"content":{"rendered":"<p style=\"text-align: justify;\" align=\"justify\"><span style=\"font-family: tahoma, arial, helvetica, sans-serif; font-size: 14pt; color: #3366ff;\"><strong>INTRODU\u00c7\u00c3O<\/strong><\/span><\/p>\n<p style=\"text-align: justify;\" align=\"justify\"><span style=\"color: #000000; font-size: 14pt; font-family: tahoma, arial, helvetica, sans-serif;\">O Ensino M\u00e9dio da Escola Estadual &#8220;Virg\u00ednio Perillo&#8221;\u00a0tem como meta formar cidad\u00e3os cr\u00edticos e atuantes na sociedade, al\u00e9m de prepar\u00e1-lo para enfrentar os exames vestibulares e Enem.<br \/>\n<\/span><\/p>\n<p style=\"text-align: justify;\" align=\"justify\"><span style=\"color: #000000; font-size: 14pt; font-family: tahoma, arial, helvetica, sans-serif;\">Grande parte do conte\u00fado program\u00e1tico do Ensino M\u00e9dio \u00e9 trabalhado no 1\u00ba e 2\u00ba ano. No 3\u00ba ano, os conte\u00fados s\u00e3o revisados e aprofundados. Enfrentar o vestibular n\u00e3o \u00e9 uma tarefa f\u00e1cil para os jovens e o ingresso na universidade funciona como um ritual de passagem para a vida adulta, que implica maturidade e imp\u00f5e responsabilidades diferentes daquelas at\u00e9 ent\u00e3o exigidas do estudante.<\/span><\/p>\n<p style=\"text-align: justify;\"><span style=\"font-size: 14pt; font-family: tahoma, arial, helvetica, sans-serif; color: #000000;\">Assim, a Escola Estadual &#8220;Virg\u00ednio Perillo&#8221; busca oferecer meios para a forma\u00e7\u00e3o do homem consciente e livre, capaz de integrar-se no contexto social, como cidad\u00e3o respons\u00e1vel pela a\u00e7\u00e3o transformadora do\u00a0 meio e do desenvolvimento do pa\u00eds.<\/span><\/p>\n<p style=\"text-align: justify;\"><span style=\"font-family: tahoma, arial, helvetica, sans-serif; font-size: 14pt; color: #3366ff;\"><strong>ESTRUTURA DO ENSINO M\u00c9DIO<\/strong><\/span><\/p>\n<p style=\"text-align: justify;\"><span style=\"font-family: tahoma, arial, helvetica, sans-serif; font-size: 14pt; color: #000000;\"><strong><span style=\"color: #3366ff;\">1.<\/span>\u00a0<\/strong>O Ensino M\u00e9dio, organizado em regime anual, ter\u00e1 dura\u00e7\u00e3o de 03 (tr\u00eas) anos de escolaridade e deve possibilitar ao aluno o prosseguimento dos estudos e a inicia\u00e7\u00e3o para o trabalho.<\/span><\/p>\n<p style=\"text-align: justify;\"><span style=\"font-family: tahoma, arial, helvetica, sans-serif; font-size: 14pt; color: #000000;\"><b><span style=\"color: #3366ff;\">2.<\/span>\u00a0<\/b>O primeiro ano do Ensino M\u00e9dio assegurar\u00e1 a transi\u00e7\u00e3o harmoniosa dos alunos provenientes do 9\u00ba ano do Ensino Fundamental, considerando o aprofundamento das aprendizagens adquiridas e a amplia\u00e7\u00e3o das mesmas.<\/span><\/p>\n<p style=\"text-align: justify;\"><span style=\"font-family: tahoma, arial, helvetica, sans-serif; font-size: 14pt; color: #000000;\"><span style=\"color: #3366ff;\"><b>3.\u00a0<\/b><\/span>O est\u00e1gio, visando a forma\u00e7\u00e3o e a prepara\u00e7\u00e3o do educando para o ingresso no mundo do trabalho, poder\u00e1 ser ofertado e ser\u00e1 opcional para os alunos matriculados e frequentes em escolas da rede estadual de ensino regular no Ensino M\u00e9dio.<\/span><\/p>\n<p style=\"text-align: justify;\"><span style=\"font-family: tahoma, arial, helvetica, sans-serif; font-size: 14pt; color: #3366ff;\"><strong>FINALIDADE DO ENSINO M\u00c9DIO<\/strong><\/span><\/p>\n<p style=\"text-align: justify;\"><span style=\"font-family: tahoma, arial, helvetica, sans-serif; font-size: 14pt; color: #000000;\"><span style=\"color: #3366ff;\"><strong>1.<\/strong><\/span> A consolida\u00e7\u00e3o e o aprofundamento dos conhecimentos adquiridos no ensino fundamental, possibilitando o prosseguimento de estudos;<\/span><\/p>\n<p style=\"text-align: justify;\"><span style=\"font-family: tahoma, arial, helvetica, sans-serif; font-size: 14pt; color: #000000;\"><span style=\"color: #3366ff;\"><strong>2.<\/strong><\/span> A prepara\u00e7\u00e3o b\u00e1sica para o trabalho e a cidadania do educando, para continuar aprendendo, de modo a ser capaz de se adaptar com flexibilidade a novas condi\u00e7\u00f5es de ocupa\u00e7\u00e3o ou aperfei\u00e7oamento posteriores;<\/span><\/p>\n<p style=\"text-align: justify;\"><span style=\"font-family: tahoma, arial, helvetica, sans-serif; font-size: 14pt; color: #000000;\"><b><span style=\"color: #3366ff;\">3.<\/span>\u00a0<\/b>O aprimoramento do educando como pessoa humana, incluindo a forma\u00e7\u00e3o \u00e9tica e o desenvolvimento da autonomia intelectual e do pensamento cr\u00edtico;<\/span><\/p>\n<p style=\"text-align: justify;\"><span style=\"font-family: tahoma, arial, helvetica, sans-serif; font-size: 14pt; color: #000000;\"><span style=\"color: #3366ff;\"><strong>4.<\/strong><\/span> A compreens\u00e3o dos fundamentos cientifico-tecnol\u00f3gicos dos processos produtivos, relacionando a teoria com a pr\u00e1tica.<\/span><\/p>\n<p style=\"text-align: justify;\" align=\"justify\"><span style=\"font-family: tahoma, arial, helvetica, sans-serif; font-size: 14pt; color: #000000;\"><br \/>\n<\/span><\/p>\n<p style=\"text-align: justify;\" align=\"justify\"><span style=\"text-decoration: underline; font-size: 14pt;\"><span style=\"color: #3366ff;\"><strong><a style=\"color: #3366ff; text-decoration: underline;\" href=\"http:\/\/www.escolavirginioperillo.com.br\/wp-content\/uploads\/2016\/03\/Plano-Curricular-2016-Ensino-M\u00e9dio.pdf\" target=\"_blank\" rel=\"noopener\">LINK &#8211; PLANO CURRICULAR DO ENSINO M\u00c9DIO<\/a><\/strong><\/span><\/span><\/p>\n","protected":false},"excerpt":{"rendered":"<p>INTRODU\u00c7\u00c3O O Ensino M\u00e9dio da Escola Estadual &#8220;Virg\u00ednio Perillo&#8221;\u00a0tem como meta formar cidad\u00e3os cr\u00edticos e atuantes na sociedade, al\u00e9m de prepar\u00e1-lo para enfrentar os exames vestibulares e Enem. Grande parte do conte\u00fado program\u00e1tico do Ensino M\u00e9dio \u00e9 trabalhado no 1\u00ba e 2\u00ba ano. No 3\u00ba ano, os conte\u00fados s\u00e3o revisados e aprofundados. Enfrentar o vestibular [&hellip;]<\/p>\n","protected":false},"author":1,"featured_media":0,"parent":0,"menu_order":0,"comment_status":"closed","ping_status":"open","template":"","meta":[],"_links":{"self":[{"href":"https:\/\/www.escolavirginioperillo.com.br\/index.php?rest_route=\/wp\/v2\/pages\/63"}],"collection":[{"href":"https:\/\/www.escolavirginioperillo.com.br\/index.php?rest_route=\/wp\/v2\/pages"}],"about":[{"href":"https:\/\/www.escolavirginioperillo.com.br\/index.php?rest_route=\/wp\/v2\/types\/page"}],"author":[{"embeddable":true,"href":"https:\/\/www.escolavirginioperillo.com.br\/index.php?rest_route=\/wp\/v2\/users\/1"}],"replies":[{"embeddable":true,"href":"https:\/\/www.escolavirginioperillo.com.br\/index.php?rest_route=%2Fwp%2Fv2%2Fcomments&post=63"}],"version-history":[{"count":8,"href":"https:\/\/www.escolavirginioperillo.com.br\/index.php?rest_route=\/wp\/v2\/pages\/63\/revisions"}],"predecessor-version":[{"id":1680,"href":"https:\/\/www.escolavirginioperillo.com.br\/index.php?rest_route=\/wp\/v2\/pages\/63\/revisions\/1680"}],"wp:attachment":[{"href":"https:\/\/www.escolavirginioperillo.com.br\/index.php?rest_route=%2Fwp%2Fv2%2Fmedia&parent=63"}],"curies":[{"name":"wp","href":"https:\/\/api.w.org\/{rel}","templated":true}]}}