{"id":81,"date":"2015-12-18T15:46:39","date_gmt":"2015-12-18T15:46:39","guid":{"rendered":"http:\/\/www.escolavirginioperillo.com.br\/?page_id=81"},"modified":"2024-07-17T21:16:34","modified_gmt":"2024-07-18T00:16:34","slug":"salas-de-aula","status":"publish","type":"page","link":"https:\/\/www.escolavirginioperillo.com.br\/?page_id=81","title":{"rendered":"Salas de Aula"},"content":{"rendered":"<p><span style=\"color: #3366ff;\"><strong><span style=\"font-size: 14pt; font-family: tahoma, arial, helvetica, sans-serif;\">INFORMA\u00c7\u00d5ES GERAIS<\/span><\/strong><\/span><\/p>\n<p style=\"text-align: justify;\"><span style=\"font-size: 14pt; font-family: tahoma, arial, helvetica, sans-serif; color: #000000;\">A Escola Estadual &#8220;Virg\u00ednio Perillo&#8221; possui atualmente quatorze (14) salas destinadas para a doc\u00eancia divididas em tr\u00eas blocos. Essas salas possuem uma metragem m\u00e9dia de 40 m\u00b2.\u00a0<\/span><\/p>\n<p style=\"text-align: justify;\"><span style=\"font-size: 14pt; font-family: tahoma, arial, helvetica, sans-serif; color: #000000;\">As salas de aulas na escola s\u00e3o bem iluminadas e arejadas atrav\u00e9s de enormes janelas e ventiladores. Cada sala possui um quadro de vidro branco, um mural de recados, uma mesa para o professor, 37 jogos de carteiras escolares em \u00f3timos estados, smartvs de 50 polegadas conectadas a internet e rede de internet cabeada e wiffi.<\/span><\/p>\n","protected":false},"excerpt":{"rendered":"<p>INFORMA\u00c7\u00d5ES GERAIS A Escola Estadual &#8220;Virg\u00ednio Perillo&#8221; possui atualmente quatorze (14) salas destinadas para a doc\u00eancia divididas em tr\u00eas blocos. Essas salas possuem uma metragem m\u00e9dia de 40 m\u00b2.\u00a0 As salas de aulas na escola s\u00e3o bem iluminadas e arejadas atrav\u00e9s de enormes janelas e ventiladores. Cada sala possui um quadro de vidro branco, um [&hellip;]<\/p>\n","protected":false},"author":1,"featured_media":0,"parent":0,"menu_order":0,"comment_status":"closed","ping_status":"open","template":"","meta":[],"_links":{"self":[{"href":"https:\/\/www.escolavirginioperillo.com.br\/index.php?rest_route=\/wp\/v2\/pages\/81"}],"collection":[{"href":"https:\/\/www.escolavirginioperillo.com.br\/index.php?rest_route=\/wp\/v2\/pages"}],"about":[{"href":"https:\/\/www.escolavirginioperillo.com.br\/index.php?rest_route=\/wp\/v2\/types\/page"}],"author":[{"embeddable":true,"href":"https:\/\/www.escolavirginioperillo.com.br\/index.php?rest_route=\/wp\/v2\/users\/1"}],"replies":[{"embeddable":true,"href":"https:\/\/www.escolavirginioperillo.com.br\/index.php?rest_route=%2Fwp%2Fv2%2Fcomments&post=81"}],"version-history":[{"count":4,"href":"https:\/\/www.escolavirginioperillo.com.br\/index.php?rest_route=\/wp\/v2\/pages\/81\/revisions"}],"predecessor-version":[{"id":1592,"href":"https:\/\/www.escolavirginioperillo.com.br\/index.php?rest_route=\/wp\/v2\/pages\/81\/revisions\/1592"}],"wp:attachment":[{"href":"https:\/\/www.escolavirginioperillo.com.br\/index.php?rest_route=%2Fwp%2Fv2%2Fmedia&parent=81"}],"curies":[{"name":"wp","href":"https:\/\/api.w.org\/{rel}","templated":true}]}}