{"id":89,"date":"2015-12-18T15:48:17","date_gmt":"2015-12-18T15:48:17","guid":{"rendered":"http:\/\/www.escolavirginioperillo.com.br\/?page_id=89"},"modified":"2024-07-17T21:16:34","modified_gmt":"2024-07-18T00:16:34","slug":"sala-dos-docentes","status":"publish","type":"page","link":"https:\/\/www.escolavirginioperillo.com.br\/?page_id=89","title":{"rendered":"Sala dos Docentes"},"content":{"rendered":"<p style=\"text-align: justify;\"><strong><span style=\"font-size: 14pt; font-family: tahoma, arial, helvetica, sans-serif; color: #3366ff;\">INFORMA\u00c7\u00d5ES GERAIS<\/span><\/strong><\/p>\n<p style=\"text-align: justify;\"><span style=\"font-size: 14pt; font-family: tahoma, arial, helvetica, sans-serif; color: #000000;\">A Escola Estadual &#8220;Virg\u00ednio Perillo&#8221; destina aos seus docentes e funcion\u00e1rios em geral uma sala de 40 m\u00b2 dentro do bloco 01 localizada entre a biblioteca e a recep\u00e7\u00e3o. <\/span><\/p>\n<p style=\"text-align: justify;\"><span style=\"font-size: 14pt; font-family: tahoma, arial, helvetica, sans-serif; color: #000000;\">Procurando proporcionar aos seus frequentadores a Sala dos Docentes oferece banheiros (masculino e feminino) privativos, lavado e espelho de uso comum, uma geladeira, quatro computadores com a acesso a internet, dois escaninhos (arm\u00e1rios) individuais e privativos, quadro de aviso e microondas.<\/span><\/p>\n<p style=\"text-align: justify;\"><span style=\"font-size: 14pt; font-family: tahoma, arial, helvetica, sans-serif; color: #000000;\">A sala \u00e9 bem iluminada e arejada atrav\u00e9s de amplas janelas e dois ventiladores de tetos. Entre as principais fun\u00e7\u00f5es da sala dos docentes est\u00e1 o descanso, o relaxamento, as troca de ideias e os estudos dos funcion\u00e1rios.\u00a0<\/span><\/p>\n","protected":false},"excerpt":{"rendered":"<p>INFORMA\u00c7\u00d5ES GERAIS A Escola Estadual &#8220;Virg\u00ednio Perillo&#8221; destina aos seus docentes e funcion\u00e1rios em geral uma sala de 40 m\u00b2 dentro do bloco 01 localizada entre a biblioteca e a recep\u00e7\u00e3o. Procurando proporcionar aos seus frequentadores a Sala dos Docentes oferece banheiros (masculino e feminino) privativos, lavado e espelho de uso comum, uma geladeira, quatro [&hellip;]<\/p>\n","protected":false},"author":1,"featured_media":0,"parent":0,"menu_order":0,"comment_status":"closed","ping_status":"open","template":"","meta":[],"_links":{"self":[{"href":"https:\/\/www.escolavirginioperillo.com.br\/index.php?rest_route=\/wp\/v2\/pages\/89"}],"collection":[{"href":"https:\/\/www.escolavirginioperillo.com.br\/index.php?rest_route=\/wp\/v2\/pages"}],"about":[{"href":"https:\/\/www.escolavirginioperillo.com.br\/index.php?rest_route=\/wp\/v2\/types\/page"}],"author":[{"embeddable":true,"href":"https:\/\/www.escolavirginioperillo.com.br\/index.php?rest_route=\/wp\/v2\/users\/1"}],"replies":[{"embeddable":true,"href":"https:\/\/www.escolavirginioperillo.com.br\/index.php?rest_route=%2Fwp%2Fv2%2Fcomments&post=89"}],"version-history":[{"count":4,"href":"https:\/\/www.escolavirginioperillo.com.br\/index.php?rest_route=\/wp\/v2\/pages\/89\/revisions"}],"predecessor-version":[{"id":948,"href":"https:\/\/www.escolavirginioperillo.com.br\/index.php?rest_route=\/wp\/v2\/pages\/89\/revisions\/948"}],"wp:attachment":[{"href":"https:\/\/www.escolavirginioperillo.com.br\/index.php?rest_route=%2Fwp%2Fv2%2Fmedia&parent=89"}],"curies":[{"name":"wp","href":"https:\/\/api.w.org\/{rel}","templated":true}]}}