{"id":91,"date":"2015-12-18T15:48:39","date_gmt":"2015-12-18T15:48:39","guid":{"rendered":"http:\/\/www.escolavirginioperillo.com.br\/?page_id=91"},"modified":"2024-07-17T21:16:34","modified_gmt":"2024-07-18T00:16:34","slug":"secretaria","status":"publish","type":"page","link":"https:\/\/www.escolavirginioperillo.com.br\/?page_id=91","title":{"rendered":"Secretaria"},"content":{"rendered":"<p style=\"text-align: justify;\"><span style=\"color: #3366ff;\"><strong><span style=\"font-size: 14pt; font-family: tahoma, arial, helvetica, sans-serif;\">INFORMA\u00c7\u00d5ES GERAIS<\/span><\/strong><\/span><\/p>\n<p style=\"text-align: justify;\"><span style=\"color: #000000; font-size: 14pt; font-family: tahoma, arial, helvetica, sans-serif;\">A Escola Estadual &#8220;Virg\u00ednio Perillo&#8221; possui tr\u00eas secretarias localizadas no bloco 1 separadas por &#8220;Departamento de Pessoal&#8221;, &#8220;Departamento Financeiro&#8221; e &#8220;Departamento Acad\u00eamico&#8221;.<\/span><\/p>\n<p style=\"text-align: justify;\"><span style=\"color: #000000; font-size: 14pt; font-family: tahoma, arial, helvetica, sans-serif;\">A secretaria \u00e9 equipada por v\u00e1rios computadores, impressoras, xerocadoras, scanners, arm\u00e1rios, arquivos e sete secret\u00e1rias com o intuito de melhor atender a todos os nossos funcion\u00e1rios, alunos, pais\/respons\u00e1veis e comunidade em geral.<\/span><\/p>\n<p style=\"text-align: justify;\"><span style=\"color: #000000; font-size: 14pt; font-family: tahoma, arial, helvetica, sans-serif;\">O hor\u00e1rio de atendimento da secretaria ao p\u00fablico \u00e9 de 7:00 \u00e0s 18 horas, de segunda-feira \u00e0 sexta-feira.<\/span><\/p>\n<p style=\"text-align: justify;\"><span style=\"color: #3366ff;\"><strong><span style=\"font-size: 14pt; font-family: tahoma, arial, helvetica, sans-serif;\"><span style=\"color: #3366ff;\">SECR<\/span>ETARIA &#8211; CORPO DOCENTE<\/span><\/strong><\/span><\/p>\n<p style=\"text-align: justify;\"><span style=\"color: #000000; font-size: 14pt; font-family: tahoma, arial, helvetica, sans-serif;\"><strong><span style=\"text-decoration: underline; color: #3366ff;\">Dyanna<\/span><\/strong> &#8211; secret\u00e1ria chefe;<\/span><\/p>\n<p style=\"text-align: justify;\"><span style=\"color: #000000; font-size: 14pt; font-family: tahoma, arial, helvetica, sans-serif;\"><strong><span style=\"text-decoration: underline; color: #3366ff;\">Isabel e Synara<\/span><\/strong> &#8211; departamento financeiro;<\/span><\/p>\n<p style=\"text-align: justify;\"><span style=\"color: #000000; font-size: 14pt; font-family: tahoma, arial, helvetica, sans-serif;\"><strong><span style=\"text-decoration: underline;\"><span style=\"color: #3366ff; text-decoration: underline;\">Rosimeire e Keila<\/span><\/span><\/strong> &#8211; departamento acad\u00eamico;<\/span><\/p>\n<p style=\"text-align: justify;\"><span style=\"color: #000000; font-size: 14pt; font-family: tahoma, arial, helvetica, sans-serif;\"><strong><span style=\"text-decoration: underline; color: #3366ff;\">Gisele e Claudia<\/span><\/strong> &#8211; departamento de pessoal.<\/span><\/p>\n","protected":false},"excerpt":{"rendered":"<p>INFORMA\u00c7\u00d5ES GERAIS A Escola Estadual &#8220;Virg\u00ednio Perillo&#8221; possui tr\u00eas secretarias localizadas no bloco 1 separadas por &#8220;Departamento de Pessoal&#8221;, &#8220;Departamento Financeiro&#8221; e &#8220;Departamento Acad\u00eamico&#8221;. A secretaria \u00e9 equipada por v\u00e1rios computadores, impressoras, xerocadoras, scanners, arm\u00e1rios, arquivos e sete secret\u00e1rias com o intuito de melhor atender a todos os nossos funcion\u00e1rios, alunos, pais\/respons\u00e1veis e comunidade em [&hellip;]<\/p>\n","protected":false},"author":1,"featured_media":0,"parent":0,"menu_order":0,"comment_status":"closed","ping_status":"open","template":"","meta":[],"_links":{"self":[{"href":"https:\/\/www.escolavirginioperillo.com.br\/index.php?rest_route=\/wp\/v2\/pages\/91"}],"collection":[{"href":"https:\/\/www.escolavirginioperillo.com.br\/index.php?rest_route=\/wp\/v2\/pages"}],"about":[{"href":"https:\/\/www.escolavirginioperillo.com.br\/index.php?rest_route=\/wp\/v2\/types\/page"}],"author":[{"embeddable":true,"href":"https:\/\/www.escolavirginioperillo.com.br\/index.php?rest_route=\/wp\/v2\/users\/1"}],"replies":[{"embeddable":true,"href":"https:\/\/www.escolavirginioperillo.com.br\/index.php?rest_route=%2Fwp%2Fv2%2Fcomments&post=91"}],"version-history":[{"count":7,"href":"https:\/\/www.escolavirginioperillo.com.br\/index.php?rest_route=\/wp\/v2\/pages\/91\/revisions"}],"predecessor-version":[{"id":1596,"href":"https:\/\/www.escolavirginioperillo.com.br\/index.php?rest_route=\/wp\/v2\/pages\/91\/revisions\/1596"}],"wp:attachment":[{"href":"https:\/\/www.escolavirginioperillo.com.br\/index.php?rest_route=%2Fwp%2Fv2%2Fmedia&parent=91"}],"curies":[{"name":"wp","href":"https:\/\/api.w.org\/{rel}","templated":true}]}}