{"id":93,"date":"2015-12-18T15:48:55","date_gmt":"2015-12-18T15:48:55","guid":{"rendered":"http:\/\/www.escolavirginioperillo.com.br\/?page_id=93"},"modified":"2024-07-17T21:15:52","modified_gmt":"2024-07-18T00:15:52","slug":"banheiros","status":"publish","type":"page","link":"https:\/\/www.escolavirginioperillo.com.br\/?page_id=93","title":{"rendered":"Banheiros"},"content":{"rendered":"<p dir=\"ltr\" style=\"text-align: justify;\"><span style=\"color: #3366ff;\"><strong><span style=\"font-family: tahoma, arial, helvetica, sans-serif; font-size: 14pt;\">INFORMA\u00c7\u00d5ES GERAIS<\/span><\/strong><\/span><\/p>\n<p dir=\"ltr\" style=\"text-align: justify;\"><span style=\"color: #000000; font-size: 14pt; font-family: tahoma, arial, helvetica, sans-serif;\">A Escola Estadual &#8220;Virg\u00ednio Perillo&#8221; possui atualmente dois banheiros destinados ao alunos (Feminino e Masculino). Cada banheiro possui tr\u00eas sanit\u00e1rios independentes e privados, dois chuveiros independentes e privados, um lavat\u00f3rio com duas cubas\/torneiras e um espelho. No caso do banheiro masculino h\u00e1 ainda dois mict\u00f3rios. Esses banheiros ficam localizados entre o bloco 1 e bloco 2. Em frente a estes banheiros est\u00e1 instalado o bebedouro.<\/span><\/p>\n<p dir=\"ltr\" style=\"text-align: justify;\"><span style=\"color: #000000; font-size: 14pt; font-family: tahoma, arial, helvetica, sans-serif;\">A escola ainda possui dois banheiros (masculino e feminino) destinados aos funcion\u00e1rios, localizados no bloco 1 na Sala dos Docentes. Estes banheiros s\u00e3o compostos por um sanit\u00e1rio privado cada e um lavat\u00f3rio com espelho de uso coletivo.<\/span><\/p>\n","protected":false},"excerpt":{"rendered":"<p>INFORMA\u00c7\u00d5ES GERAIS A Escola Estadual &#8220;Virg\u00ednio Perillo&#8221; possui atualmente dois banheiros destinados ao alunos (Feminino e Masculino). Cada banheiro possui tr\u00eas sanit\u00e1rios independentes e privados, dois chuveiros independentes e privados, um lavat\u00f3rio com duas cubas\/torneiras e um espelho. No caso do banheiro masculino h\u00e1 ainda dois mict\u00f3rios. Esses banheiros ficam localizados entre o bloco 1 [&hellip;]<\/p>\n","protected":false},"author":1,"featured_media":0,"parent":0,"menu_order":0,"comment_status":"closed","ping_status":"open","template":"","meta":[],"_links":{"self":[{"href":"https:\/\/www.escolavirginioperillo.com.br\/index.php?rest_route=\/wp\/v2\/pages\/93"}],"collection":[{"href":"https:\/\/www.escolavirginioperillo.com.br\/index.php?rest_route=\/wp\/v2\/pages"}],"about":[{"href":"https:\/\/www.escolavirginioperillo.com.br\/index.php?rest_route=\/wp\/v2\/types\/page"}],"author":[{"embeddable":true,"href":"https:\/\/www.escolavirginioperillo.com.br\/index.php?rest_route=\/wp\/v2\/users\/1"}],"replies":[{"embeddable":true,"href":"https:\/\/www.escolavirginioperillo.com.br\/index.php?rest_route=%2Fwp%2Fv2%2Fcomments&post=93"}],"version-history":[{"count":15,"href":"https:\/\/www.escolavirginioperillo.com.br\/index.php?rest_route=\/wp\/v2\/pages\/93\/revisions"}],"predecessor-version":[{"id":786,"href":"https:\/\/www.escolavirginioperillo.com.br\/index.php?rest_route=\/wp\/v2\/pages\/93\/revisions\/786"}],"wp:attachment":[{"href":"https:\/\/www.escolavirginioperillo.com.br\/index.php?rest_route=%2Fwp%2Fv2%2Fmedia&parent=93"}],"curies":[{"name":"wp","href":"https:\/\/api.w.org\/{rel}","templated":true}]}}