{"id":95,"date":"2015-12-18T15:49:09","date_gmt":"2015-12-18T15:49:09","guid":{"rendered":"http:\/\/www.escolavirginioperillo.com.br\/?page_id=95"},"modified":"2024-07-17T21:16:34","modified_gmt":"2024-07-18T00:16:34","slug":"wifi","status":"publish","type":"page","link":"https:\/\/www.escolavirginioperillo.com.br\/?page_id=95","title":{"rendered":"Wifi"},"content":{"rendered":"<p style=\"text-align: justify;\"><span style=\"color: #3366ff;\"><strong><span style=\"font-family: tahoma, arial, helvetica, sans-serif; font-size: 14pt;\">INFORMA\u00c7\u00d5ES GERAIS<\/span><\/strong><\/span><\/p>\n<p style=\"text-align: justify;\"><span style=\"font-family: tahoma, arial, helvetica, sans-serif; font-size: 14pt; color: #000000;\">A Escola Estadual &#8220;Virg\u00ednio Perillo&#8221; em sua atual gest\u00e3o entende que como todas as inst\u00e2ncias da sociedade a escola tamb\u00e9m mergulhou de vez no mundo das grandes tecnologia. Entendendo essa realidade a atual gest\u00e3o da escola oferece em todo seus espa\u00e7o sinal wifi com alto velocidade. Esse sinal de WIFFI abrange todos os mais de 5.000 m\u00b2 de extens\u00e3o da escola, mantendo uma m\u00e9dia de conex\u00e3o de 400 mega.<\/span><\/p>\n","protected":false},"excerpt":{"rendered":"<p>INFORMA\u00c7\u00d5ES GERAIS A Escola Estadual &#8220;Virg\u00ednio Perillo&#8221; em sua atual gest\u00e3o entende que como todas as inst\u00e2ncias da sociedade a escola tamb\u00e9m mergulhou de vez no mundo das grandes tecnologia. Entendendo essa realidade a atual gest\u00e3o da escola oferece em todo seus espa\u00e7o sinal wifi com alto velocidade. Esse sinal de WIFFI abrange todos os [&hellip;]<\/p>\n","protected":false},"author":1,"featured_media":0,"parent":0,"menu_order":0,"comment_status":"closed","ping_status":"open","template":"","meta":[],"_links":{"self":[{"href":"https:\/\/www.escolavirginioperillo.com.br\/index.php?rest_route=\/wp\/v2\/pages\/95"}],"collection":[{"href":"https:\/\/www.escolavirginioperillo.com.br\/index.php?rest_route=\/wp\/v2\/pages"}],"about":[{"href":"https:\/\/www.escolavirginioperillo.com.br\/index.php?rest_route=\/wp\/v2\/types\/page"}],"author":[{"embeddable":true,"href":"https:\/\/www.escolavirginioperillo.com.br\/index.php?rest_route=\/wp\/v2\/users\/1"}],"replies":[{"embeddable":true,"href":"https:\/\/www.escolavirginioperillo.com.br\/index.php?rest_route=%2Fwp%2Fv2%2Fcomments&post=95"}],"version-history":[{"count":10,"href":"https:\/\/www.escolavirginioperillo.com.br\/index.php?rest_route=\/wp\/v2\/pages\/95\/revisions"}],"predecessor-version":[{"id":1600,"href":"https:\/\/www.escolavirginioperillo.com.br\/index.php?rest_route=\/wp\/v2\/pages\/95\/revisions\/1600"}],"wp:attachment":[{"href":"https:\/\/www.escolavirginioperillo.com.br\/index.php?rest_route=%2Fwp%2Fv2%2Fmedia&parent=95"}],"curies":[{"name":"wp","href":"https:\/\/api.w.org\/{rel}","templated":true}]}}